{"id":3538,"date":"2019-06-12T23:37:57","date_gmt":"2019-06-12T20:37:57","guid":{"rendered":"https:\/\/luzjardin.com\/tienda\/lightpro-12v-agate-3w-led-ip67-outdoor-garden-up-light\/"},"modified":"2025-01-04T19:40:16","modified_gmt":"2025-01-04T18:40:16","slug":"lightpro-12v-agate-3w-led-ip67-outdoor-garden-up-light","status":"publish","type":"product","link":"https:\/\/luzjardin.com\/ca\/productes\/lightpro-12v-agate-3w-led-ip67-outdoor-garden-up-light\/","title":{"rendered":"Lightpro 12V Agate 3W LED IP67 Exterior \/ Llum de Jard\u00ed"},"content":{"rendered":"<p>[vc_row][vc_column width=&#8221;1\/2&#8243;][vc_column_text text_larger=&#8221;no&#8221;]<\/p>\n<h4>Especificacions<\/h4>\n<table class=\"table\">\n<tbody>\n<tr>\n<td>Construcci\u00f3<\/td>\n<td>Acer inoxidable<\/td>\n<\/tr>\n<tr>\n<td>Color<\/td>\n<td>Acer inoxidable<\/td>\n<\/tr>\n<tr>\n<td>Avaluaci\u00f3 IP<\/td>\n<td>IP67<\/td>\n<\/tr>\n<tr>\n<td>Cable<\/td>\n<td>cautx\u00fa de 5 metres amb connector<\/td>\n<\/tr>\n<tr>\n<td>Dimensions (HxW)<\/td>\n<td>115 x 115mm<\/td>\n<\/tr>\n<tr>\n<td>Lamp SKU<\/td>\n<td>6193011<\/td>\n<\/tr>\n<tr>\n<td>L\u00e0mpada<\/td>\n<td>MR16 LED no dimmable<\/td>\n<\/tr>\n<tr>\n<td>Llum \/ Color<\/td>\n<td>190 \/ 3000K Blanc c\u00e0lid<\/td>\n<\/tr>\n<tr>\n<td>Pot\u00e8ncia<\/td>\n<td>3W<\/td>\n<\/tr>\n<tr>\n<td>Voltatge<\/td>\n<td>12V<\/td>\n<\/tr>\n<tr>\n<td>Tipus de muntatge<\/td>\n<td>N \/ A<\/td>\n<\/tr>\n<tr>\n<td>Sistema<\/td>\n<td>Lightpro<\/td>\n<\/tr>\n<tr>\n<td>Vida \u00datil<\/td>\n<td>10000 Hores<\/td>\n<\/tr>\n<tr>\n<td>Garantia<\/td>\n<td>5 anys<\/td>\n<\/tr>\n<\/tbody>\n<\/table>\n<p>[\/vc_column_text][\/vc_column][vc_column width=&#8221;1\/2&#8243;][vc_column_text text_larger=&#8221;no&#8221;]El Agate 3W vertical est\u00e0 acabat en acer inoxidable i un pes de 2000 kg per aixafar el que \u00e9s ideal per a les cal\u00e7ades.<\/p>\n<h4>Lightpro Connection System<\/h4>\n<p>Qualsevol \u00e9s f\u00e0cil d\u2019instal\u00b7lar el sistema d\u2019il\u00b7luminaci\u00f3 exterior Lightpro 12V. Simplement executeu el cablejat principal Lightpro al vostre jard\u00ed. Connecteu els premiats connectors Lightpro al cable principal i connecteu les llums. Es tracta simplement d\u2019un cas de connexi\u00f3 del cable principal al transformador i connectar el transformador a una presa de connexi\u00f3 externa est\u00e0ndard.<\/p>\n<p><strong> R\u00e0pid, senzill i Segur. <\/strong>[\/vc_column_text][vc_single_image image=&#8221;2753&#8243; img_size=&#8221;full&#8221; alignment=&#8221;center&#8221; parallax_scroll=&#8221;no&#8221;][\/vc_column][\/vc_row]<\/p>\n","protected":false},"excerpt":{"rendered":"<p>El Agate 3W vertical est\u00e0 acabat en acer inoxidable i un pes de 2000 kg per aixafar el que \u00e9s ideal per a les cal\u00e7ades. Lightpro Connection System, el sistema d\u2019il\u00b7luminaci\u00f3 exterior Lightpro 12V &#8230;<\/p>\n","protected":false},"featured_media":3249,"comment_status":"open","ping_status":"closed","template":"","meta":[],"product_brand":[],"product_cat":[142],"product_tag":[],"class_list":{"0":"post-3538","1":"product","2":"type-product","3":"status-publish","4":"has-post-thumbnail","6":"product_cat-projectors","8":"first","9":"onbackorder","10":"taxable","11":"shipping-taxable","12":"purchasable","13":"product-type-simple"},"yoast_head":"\n<title>Lightpro 12V Agate 3W LED IP67 Exterior \/ Llum de Jard\u00ed - Il\u00b7luminaci\u00f3 Exterior de Jardins<\/title>\n<meta name=\"description\" content=\"\u2605 LightPro Lightpro 12V Agate 3W LED IP67 Exterior \/ Llum de Jard\u00ed - compra&#039;l a la nostre botiga online. Entrega a Domicili. Garant\u00eda oficial i F\u00e1cil instal\u00b7laci\u00f3.\u2605\" \/>\n<meta name=\"robots\" content=\"index, follow, max-snippet:-1, max-image-preview:large, max-video-preview:-1\" \/>\n<link rel=\"canonical\" href=\"https:\/\/luzjardin.com\/ca\/productes\/lightpro-12v-agate-3w-led-ip67-outdoor-garden-up-light\/\" \/>\n<meta property=\"og:locale\" content=\"ca_ES\" \/>\n<meta property=\"og:type\" content=\"article\" \/>\n<meta property=\"og:title\" content=\"Lightpro 12V Agate 3W LED IP67 Exterior \/ Llum de Jard\u00ed - Il\u00b7luminaci\u00f3 Exterior de Jardins\" \/>\n<meta property=\"og:description\" content=\"\u2605 LightPro Lightpro 12V Agate 3W LED IP67 Exterior \/ Llum de Jard\u00ed - compra&#039;l a la nostre botiga online. Entrega a Domicili. Garant\u00eda oficial i F\u00e1cil instal\u00b7laci\u00f3.\u2605\" \/>\n<meta property=\"og:url\" content=\"https:\/\/luzjardin.com\/ca\/productes\/lightpro-12v-agate-3w-led-ip67-outdoor-garden-up-light\/\" \/>\n<meta property=\"og:site_name\" content=\"Il\u00b7luminaci\u00f3 Exterior de Jardins\" \/>\n<meta property=\"article:publisher\" content=\"https:\/\/www.facebook.com\/LuzJardiniluminacion\/\" \/>\n<meta property=\"article:modified_time\" content=\"2025-01-04T18:40:16+00:00\" \/>\n<meta property=\"og:image\" content=\"https:\/\/luzjardin.com\/wp-content\/uploads\/2019\/06\/Lightpro-12V-Agate-3W-LED-IP67-Outdoor-Garden-Up-Light.png\" \/>\n\t<meta property=\"og:image:width\" content=\"800\" \/>\n\t<meta property=\"og:image:height\" content=\"800\" \/>\n\t<meta property=\"og:image:type\" content=\"image\/png\" \/>\n<meta name=\"twitter:card\" content=\"summary_large_image\" \/>\n<meta name=\"twitter:label1\" content=\"Temps estimat de lectura\" \/>\n\t<meta name=\"twitter:data1\" content=\"1 minut\" \/>\n<script type=\"application\/ld+json\" class=\"yoast-schema-graph\">{\"@context\":\"https:\/\/schema.org\",\"@graph\":[{\"@type\":\"WebPage\",\"@id\":\"https:\/\/luzjardin.com\/ca\/productes\/lightpro-12v-agate-3w-led-ip67-outdoor-garden-up-light\/\",\"url\":\"https:\/\/luzjardin.com\/ca\/productes\/lightpro-12v-agate-3w-led-ip67-outdoor-garden-up-light\/\",\"name\":\"Lightpro 12V Agate 3W LED IP67 Exterior \/ Llum de Jard\u00ed - Il\u00b7luminaci\u00f3 Exterior de Jardins\",\"isPartOf\":{\"@id\":\"https:\/\/luzjardin.com\/#website\"},\"primaryImageOfPage\":{\"@id\":\"https:\/\/luzjardin.com\/ca\/productes\/lightpro-12v-agate-3w-led-ip67-outdoor-garden-up-light\/#primaryimage\"},\"image\":{\"@id\":\"https:\/\/luzjardin.com\/ca\/productes\/lightpro-12v-agate-3w-led-ip67-outdoor-garden-up-light\/#primaryimage\"},\"thumbnailUrl\":\"https:\/\/luzjardin.com\/wp-content\/uploads\/2019\/06\/Lightpro-12V-Agate-3W-LED-IP67-Outdoor-Garden-Up-Light.png\",\"datePublished\":\"2019-06-12T20:37:57+00:00\",\"dateModified\":\"2025-01-04T18:40:16+00:00\",\"description\":\"\u2605 LightPro Lightpro 12V Agate 3W LED IP67 Exterior \/ Llum de Jard\u00ed - compra'l a la nostre botiga online. Entrega a Domicili. Garant\u00eda oficial i F\u00e1cil instal\u00b7laci\u00f3.\u2605\",\"breadcrumb\":{\"@id\":\"https:\/\/luzjardin.com\/ca\/productes\/lightpro-12v-agate-3w-led-ip67-outdoor-garden-up-light\/#breadcrumb\"},\"inLanguage\":\"ca\",\"potentialAction\":[{\"@type\":\"ReadAction\",\"target\":[\"https:\/\/luzjardin.com\/ca\/productes\/lightpro-12v-agate-3w-led-ip67-outdoor-garden-up-light\/\"]}]},{\"@type\":\"ImageObject\",\"inLanguage\":\"ca\",\"@id\":\"https:\/\/luzjardin.com\/ca\/productes\/lightpro-12v-agate-3w-led-ip67-outdoor-garden-up-light\/#primaryimage\",\"url\":\"https:\/\/luzjardin.com\/wp-content\/uploads\/2019\/06\/Lightpro-12V-Agate-3W-LED-IP67-Outdoor-Garden-Up-Light.png\",\"contentUrl\":\"https:\/\/luzjardin.com\/wp-content\/uploads\/2019\/06\/Lightpro-12V-Agate-3W-LED-IP67-Outdoor-Garden-Up-Light.png\",\"width\":800,\"height\":800,\"caption\":\"Lightpro 12V Agate 3W LED IP67 Outdoor \/ Garden Up Light\"},{\"@type\":\"BreadcrumbList\",\"@id\":\"https:\/\/luzjardin.com\/ca\/productes\/lightpro-12v-agate-3w-led-ip67-outdoor-garden-up-light\/#breadcrumb\",\"itemListElement\":[{\"@type\":\"ListItem\",\"position\":1,\"name\":\"Home\",\"item\":\"https:\/\/luzjardin.com\/ca\/\"},{\"@type\":\"ListItem\",\"position\":2,\"name\":\"Todos los productos\",\"item\":\"https:\/\/luzjardin.com\/tienda\/\"},{\"@type\":\"ListItem\",\"position\":3,\"name\":\"Lightpro 12V Agate 3W LED IP67 Exterior \/ Llum de Jard\u00ed\"}]},{\"@type\":\"WebSite\",\"@id\":\"https:\/\/luzjardin.com\/#website\",\"url\":\"https:\/\/luzjardin.com\/\",\"name\":\"Il\u00b7luminaci\u00f3 Exterior de Jardins\",\"description\":\"LightPro Espa\u00f1a\",\"publisher\":{\"@id\":\"https:\/\/luzjardin.com\/#organization\"},\"potentialAction\":[{\"@type\":\"SearchAction\",\"target\":{\"@type\":\"EntryPoint\",\"urlTemplate\":\"https:\/\/luzjardin.com\/?s={search_term_string}\"},\"query-input\":{\"@type\":\"PropertyValueSpecification\",\"valueRequired\":true,\"valueName\":\"search_term_string\"}}],\"inLanguage\":\"ca\"},{\"@type\":\"Organization\",\"@id\":\"https:\/\/luzjardin.com\/#organization\",\"name\":\"LightPro\",\"url\":\"https:\/\/luzjardin.com\/\",\"logo\":{\"@type\":\"ImageObject\",\"inLanguage\":\"ca\",\"@id\":\"https:\/\/luzjardin.com\/#\/schema\/logo\/image\/\",\"url\":\"https:\/\/luzjardin.com\/wp-content\/uploads\/2019\/06\/lightpro-12volt-logo.svg\",\"contentUrl\":\"https:\/\/luzjardin.com\/wp-content\/uploads\/2019\/06\/lightpro-12volt-logo.svg\",\"width\":1,\"height\":1,\"caption\":\"LightPro\"},\"image\":{\"@id\":\"https:\/\/luzjardin.com\/#\/schema\/logo\/image\/\"},\"sameAs\":[\"https:\/\/www.facebook.com\/LuzJardiniluminacion\/\",\"https:\/\/www.instagram.com\/luzjardin\/\",\"https:\/\/www.youtube.com\/channel\/UC6I_ssvnZbWlsJQOvnIOy_g\"]}]}<\/script>\n","yoast_head_json":{"title":"Lightpro 12V Agate 3W LED IP67 Exterior \/ Llum de Jard\u00ed - Il\u00b7luminaci\u00f3 Exterior de Jardins","description":"\u2605 LightPro Lightpro 12V Agate 3W LED IP67 Exterior \/ Llum de Jard\u00ed - compra'l a la nostre botiga online. Entrega a Domicili. Garant\u00eda oficial i F\u00e1cil instal\u00b7laci\u00f3.\u2605","robots":{"index":"index","follow":"follow","max-snippet":"max-snippet:-1","max-image-preview":"max-image-preview:large","max-video-preview":"max-video-preview:-1"},"canonical":"https:\/\/luzjardin.com\/ca\/productes\/lightpro-12v-agate-3w-led-ip67-outdoor-garden-up-light\/","og_locale":"ca_ES","og_type":"article","og_title":"Lightpro 12V Agate 3W LED IP67 Exterior \/ Llum de Jard\u00ed - Il\u00b7luminaci\u00f3 Exterior de Jardins","og_description":"\u2605 LightPro Lightpro 12V Agate 3W LED IP67 Exterior \/ Llum de Jard\u00ed - compra'l a la nostre botiga online. Entrega a Domicili. Garant\u00eda oficial i F\u00e1cil instal\u00b7laci\u00f3.\u2605","og_url":"https:\/\/luzjardin.com\/ca\/productes\/lightpro-12v-agate-3w-led-ip67-outdoor-garden-up-light\/","og_site_name":"Il\u00b7luminaci\u00f3 Exterior de Jardins","article_publisher":"https:\/\/www.facebook.com\/LuzJardiniluminacion\/","article_modified_time":"2025-01-04T18:40:16+00:00","og_image":[{"width":800,"height":800,"url":"https:\/\/luzjardin.com\/wp-content\/uploads\/2019\/06\/Lightpro-12V-Agate-3W-LED-IP67-Outdoor-Garden-Up-Light.png","type":"image\/png"}],"twitter_card":"summary_large_image","twitter_misc":{"Temps estimat de lectura":"1 minut"},"schema":{"@context":"https:\/\/schema.org","@graph":[{"@type":"WebPage","@id":"https:\/\/luzjardin.com\/ca\/productes\/lightpro-12v-agate-3w-led-ip67-outdoor-garden-up-light\/","url":"https:\/\/luzjardin.com\/ca\/productes\/lightpro-12v-agate-3w-led-ip67-outdoor-garden-up-light\/","name":"Lightpro 12V Agate 3W LED IP67 Exterior \/ Llum de Jard\u00ed - Il\u00b7luminaci\u00f3 Exterior de Jardins","isPartOf":{"@id":"https:\/\/luzjardin.com\/#website"},"primaryImageOfPage":{"@id":"https:\/\/luzjardin.com\/ca\/productes\/lightpro-12v-agate-3w-led-ip67-outdoor-garden-up-light\/#primaryimage"},"image":{"@id":"https:\/\/luzjardin.com\/ca\/productes\/lightpro-12v-agate-3w-led-ip67-outdoor-garden-up-light\/#primaryimage"},"thumbnailUrl":"https:\/\/luzjardin.com\/wp-content\/uploads\/2019\/06\/Lightpro-12V-Agate-3W-LED-IP67-Outdoor-Garden-Up-Light.png","datePublished":"2019-06-12T20:37:57+00:00","dateModified":"2025-01-04T18:40:16+00:00","description":"\u2605 LightPro Lightpro 12V Agate 3W LED IP67 Exterior \/ Llum de Jard\u00ed - compra'l a la nostre botiga online. Entrega a Domicili. Garant\u00eda oficial i F\u00e1cil instal\u00b7laci\u00f3.\u2605","breadcrumb":{"@id":"https:\/\/luzjardin.com\/ca\/productes\/lightpro-12v-agate-3w-led-ip67-outdoor-garden-up-light\/#breadcrumb"},"inLanguage":"ca","potentialAction":[{"@type":"ReadAction","target":["https:\/\/luzjardin.com\/ca\/productes\/lightpro-12v-agate-3w-led-ip67-outdoor-garden-up-light\/"]}]},{"@type":"ImageObject","inLanguage":"ca","@id":"https:\/\/luzjardin.com\/ca\/productes\/lightpro-12v-agate-3w-led-ip67-outdoor-garden-up-light\/#primaryimage","url":"https:\/\/luzjardin.com\/wp-content\/uploads\/2019\/06\/Lightpro-12V-Agate-3W-LED-IP67-Outdoor-Garden-Up-Light.png","contentUrl":"https:\/\/luzjardin.com\/wp-content\/uploads\/2019\/06\/Lightpro-12V-Agate-3W-LED-IP67-Outdoor-Garden-Up-Light.png","width":800,"height":800,"caption":"Lightpro 12V Agate 3W LED IP67 Outdoor \/ Garden Up Light"},{"@type":"BreadcrumbList","@id":"https:\/\/luzjardin.com\/ca\/productes\/lightpro-12v-agate-3w-led-ip67-outdoor-garden-up-light\/#breadcrumb","itemListElement":[{"@type":"ListItem","position":1,"name":"Home","item":"https:\/\/luzjardin.com\/ca\/"},{"@type":"ListItem","position":2,"name":"Todos los productos","item":"https:\/\/luzjardin.com\/tienda\/"},{"@type":"ListItem","position":3,"name":"Lightpro 12V Agate 3W LED IP67 Exterior \/ Llum de Jard\u00ed"}]},{"@type":"WebSite","@id":"https:\/\/luzjardin.com\/#website","url":"https:\/\/luzjardin.com\/","name":"Il\u00b7luminaci\u00f3 Exterior de Jardins","description":"LightPro Espa\u00f1a","publisher":{"@id":"https:\/\/luzjardin.com\/#organization"},"potentialAction":[{"@type":"SearchAction","target":{"@type":"EntryPoint","urlTemplate":"https:\/\/luzjardin.com\/?s={search_term_string}"},"query-input":{"@type":"PropertyValueSpecification","valueRequired":true,"valueName":"search_term_string"}}],"inLanguage":"ca"},{"@type":"Organization","@id":"https:\/\/luzjardin.com\/#organization","name":"LightPro","url":"https:\/\/luzjardin.com\/","logo":{"@type":"ImageObject","inLanguage":"ca","@id":"https:\/\/luzjardin.com\/#\/schema\/logo\/image\/","url":"https:\/\/luzjardin.com\/wp-content\/uploads\/2019\/06\/lightpro-12volt-logo.svg","contentUrl":"https:\/\/luzjardin.com\/wp-content\/uploads\/2019\/06\/lightpro-12volt-logo.svg","width":1,"height":1,"caption":"LightPro"},"image":{"@id":"https:\/\/luzjardin.com\/#\/schema\/logo\/image\/"},"sameAs":["https:\/\/www.facebook.com\/LuzJardiniluminacion\/","https:\/\/www.instagram.com\/luzjardin\/","https:\/\/www.youtube.com\/channel\/UC6I_ssvnZbWlsJQOvnIOy_g"]}]}},"_links":{"self":[{"href":"https:\/\/luzjardin.com\/ca\/wp-json\/wp\/v2\/product\/3538","targetHints":{"allow":["GET"]}}],"collection":[{"href":"https:\/\/luzjardin.com\/ca\/wp-json\/wp\/v2\/product"}],"about":[{"href":"https:\/\/luzjardin.com\/ca\/wp-json\/wp\/v2\/types\/product"}],"replies":[{"embeddable":true,"href":"https:\/\/luzjardin.com\/ca\/wp-json\/wp\/v2\/comments?post=3538"}],"wp:featuredmedia":[{"embeddable":true,"href":"https:\/\/luzjardin.com\/ca\/wp-json\/wp\/v2\/media\/3249"}],"wp:attachment":[{"href":"https:\/\/luzjardin.com\/ca\/wp-json\/wp\/v2\/media?parent=3538"}],"wp:term":[{"taxonomy":"product_brand","embeddable":true,"href":"https:\/\/luzjardin.com\/ca\/wp-json\/wp\/v2\/product_brand?post=3538"},{"taxonomy":"product_cat","embeddable":true,"href":"https:\/\/luzjardin.com\/ca\/wp-json\/wp\/v2\/product_cat?post=3538"},{"taxonomy":"product_tag","embeddable":true,"href":"https:\/\/luzjardin.com\/ca\/wp-json\/wp\/v2\/product_tag?post=3538"}],"curies":[{"name":"wp","href":"https:\/\/api.w.org\/{rel}","templated":true}]}}