{"id":7061,"date":"2023-10-06T06:50:31","date_gmt":"2023-10-06T05:50:32","guid":{"rendered":"https:\/\/luzjardin.com\/?post_type=product&#038;p=7061"},"modified":"2023-10-06T07:44:08","modified_gmt":"2023-10-06T06:44:08","slug":"xible-12v-copia","status":"publish","type":"product","link":"https:\/\/luzjardin.com\/ca\/productes\/xible-12v-copia\/","title":{"rendered":"Castor Smart 12V (Zigbee)"},"content":{"rendered":"<div class=\"vc_row wpb_row vc_row-fluid\">\n<div class=\"wpb_column vc_column_container vc_col-sm-6\">\n<div class=\"vc_column-inner\">\n<div class=\"wpb_wrapper\">\n<div class=\"wpb_text_column wpb_content_element\">\n<div class=\"wpb_wrapper\">\n<h4>Especificacions<\/h4>\n<table class=\"table\">\n<tbody>\n<tr>\n<td>Construcci\u00f3<\/td>\n<td>Alumini<\/td>\n<\/tr>\n<tr>\n<td>Color<\/td>\n<td>Antracita<\/td>\n<\/tr>\n<tr>\n<td>Classificaci\u00f3 IP<\/td>\n<td>IP44<\/td>\n<\/tr>\n<tr>\n<td>Cable<\/td>\n<td>AWG20<\/td>\n<\/tr>\n<tr>\n<td>Dimensions (Al x Am x Pr)<\/td>\n<td>95mm x 60mm x 120mm<\/td>\n<\/tr>\n<tr>\n<td>L\u00famens \/ Color<\/td>\n<td>300 Blanc c\u00e0lid<\/td>\n<\/tr>\n<tr>\n<td>Energia<\/td>\n<td>5W<\/td>\n<\/tr>\n<tr>\n<td>Voltatge<\/td>\n<td>12V<\/td>\n<\/tr>\n<tr>\n<td>Sistema<\/td>\n<td>Lightpro<\/td>\n<\/tr>\n<tr>\n<td>Vida \u00fatil projectada de la l\u00e0mpada<\/td>\n<td>25000 hores<\/td>\n<\/tr>\n<tr>\n<td>Garantia<\/td>\n<td>6 anys<\/td>\n<\/tr>\n<\/tbody>\n<\/table><\/div><\/div>\n<div class=\"wpb_text_column wpb_content_element\">\n<div class=\"wpb_wrapper\">\n<div id=\"tw-target-text-container\" class=\"tw-ta-container tw-nfl\"><\/div>\n<div id=\"z6maec\" class=\"tw-ta-container tw-nfl\">\n<p id=\"tw-target-rmn\" class=\"tw-data-placeholder tw-text-small tw-ta\" dir=\"ltr\">\n<\/p><\/div><\/div><\/div><\/div><\/div><\/div>\n<div class=\"wpb_column vc_column_container vc_col-sm-6\">\n<div class=\"vc_column-inner\">\n<div class=\"wpb_wrapper\">\n<div class=\"wpb_single_image wpb_content_element vc_align_center\">\n<figure class=\"wpb_wrapper vc_figure\">\n<div class=\"vc_single_image-wrapper vc_box_border_grey\">\n                            <img alt=\"Castor Smart 12V (Zigbee)\" loading=\"lazy\" decoding=\"async\" class=\"vc_single_image-img attachment-full woodmart-lazy-load woodmart-lazy-fade woodmart-loaded\" title=\"Lightpro Tiga DL 209S\" src=\"https:\/\/luzjardin.com\/wp-content\/uploads\/2023\/10\/image-1-1.png\" sizes=\"auto, (max-width: 667px) 100vw, 667px\" srcset=\"https:\/\/luzjardin.com\/wp-content\/uploads\/2023\/10\/image-1-1.png 667w, https:\/\/luzjardin.com\/wp-content\/uploads\/2023\/10\/image-1-1.png DL 209S_4-min.jpg 200w, https:\/\/luzjardin.com\/wp-content\/uploads\/2023\/10\/image-1-1.png 600w\" width=\"667\" height=\"1000\" data-wood-src=\"https:\/\/luzjardin.com\/wp-content\/uploads\/2023\/10\/image-1-1.png\" data-srcset=\"https:\/\/luzjardin.com\/wp-content\/uploads\/2023\/10\/image-1-1.png, https:\/\/luzjardin.com\/wp-content\/uploads\/2023\/10\/image-1-1.png 200w, https:\/\/luzjardin.com\/wp-content\/uploads\/2023\/10\/image-1-1.png 600w\" \/>\n                        <\/div>\n<\/figure><\/div><\/div><\/div><\/div>\n<\/div>\n<p>&nbsp;<\/p>\n<div class=\"detail-desc-row\">\n    <a class=\"image-popup\" href=\"https:\/\/luzjardin.com\/wp-content\/uploads\/2023\/10\/image-9.webp\" data-effect=\"mfp-move-from-top\"><br \/>\n        <img decoding=\"async\" class=\"alignnone size-medium\" style=\"height: 251px; object-fit: cover;\" src=\"https:\/\/luzjardin.com\/wp-content\/uploads\/2023\/10\/image-9.webp\" alt=\"Xible 12v\" width=\"377px\" height=\"250px\" \/><br \/>\n    <\/a><br \/>\n    <a class=\"image-popup\" href=\"https:\/\/luzjardin.com\/wp-content\/uploads\/2023\/10\/image-8.webp\" data-effect=\"mfp-move-from-top\"><br \/>\n        <img decoding=\"async\" class=\"alignnone size-medium\" src=\"https:\/\/luzjardin.com\/wp-content\/uploads\/2023\/10\/image-8.webp\" alt=\"Xible 12v\" width=\"450\" height=\" 300\" \/><br \/>\n    <\/a><br \/>\n    <a class=\"image-popup\" href=\"https:\/\/luzjardin.com\/wp-content\/uploads\/2023\/10\/image-7.webp\" data-effect=\"mfp-move-from-top \"><br \/>\n        <img loading=\"lazy\" decoding=\"async\" class=\"alignnone size-medium\" src=\"https:\/\/luzjardin.com\/wp-content\/uploads\/2023\/10\/image-7.webp\" alt=\"Xible 12v\" width=\"450\" height=\"300\" \/><br \/>\n    <\/a><br \/>\n    <a class=\"image-popup\" href=\"https:\/\/luzjardin.com\/wp-content\/uploads\/2023\/10\/image-6.webp\" data-effect=\"mfp-move-from-top \"><br \/>\n        <img loading=\"lazy\" decoding=\"async\" class=\"alignnone size-medium\" src=\"https:\/\/luzjardin.com\/wp-content\/uploads\/2023\/10\/image-6.webp\" alt=\"Xible 12v\" width=\"450\" height=\"300\" \/><br \/>\n    <\/a>\n<\/div>\n","protected":false},"excerpt":{"rendered":"<p class=\"mb-6 typo-text-14 text-dark\"><span>El Castor Smart inclou una font de llum Zigbee.\u00a0L&#8217;avantatge de Zigbee \u00e9s que la comunicaci\u00f3 passa d&#8217;un producte a un altre, oferint-vos una gamma infinita.\u00a0Podeu mantenir una dist\u00e0ncia m\u00e0xima de 20 metres entre dos productes diferents.\u00a0Despr\u00e9s de comprar el Gateway (que converteix el Wi-Fi en Zigbee) i vincular-lo amb l&#8217;aplicaci\u00f3, podeu controlar el Castor Smart amb la nova aplicaci\u00f3 Lightpro.\u00a0Feu que el Castor Smart il\u00b7lumini la vora del color que us agradi.\u00a0Blau, vermell o m\u00e9s aviat banyat per una llum blanca c\u00e0lida?\u00a0La nova aplicaci\u00f3 Lightpro us permet configurar f\u00e0cilment de quin color ha de ser la llum, la brillantor que ha de ser o a quina hora s&#8217;ha d&#8217;encendre\/apagar.\u00a0Tot controlat f\u00e0cilment des del teu propi tel\u00e8fon intel\u00b7ligent.\u00a0Assegureu-vos que el Castor Smart no estigui a m\u00e9s de 16 metres de la passarel\u00b7la per afegir-lo a l&#8217;aplicaci\u00f3.<\/span><\/p>\n","protected":false},"featured_media":7067,"comment_status":"open","ping_status":"closed","template":"","meta":[],"product_brand":[],"product_cat":[140,154],"product_tag":[],"class_list":{"0":"post-7061","1":"product","2":"type-product","3":"status-publish","4":"has-post-thumbnail","6":"product_cat-focus","7":"product_cat-all-ca","9":"first","10":"instock","11":"taxable","12":"shipping-taxable","13":"purchasable","14":"product-type-simple"},"yoast_head":"\n<title>Castor Smart 12V (Zigbee) - Iluminacion Exterior Jardin<\/title>\n<meta name=\"description\" content=\"\u2605 Garden Lights Castor Smart 12V (Zigbee) - compre en la tienda en l\u00ednea Haztuluz \u2705 Entrega en Espa\u00f1a \u2705 Garant\u00eda oficial \u2705 F\u00e1cil instalaci\u00f3n \u2705 Soporte completo \u2605\" \/>\n<meta name=\"robots\" content=\"index, follow, max-snippet:-1, max-image-preview:large, max-video-preview:-1\" \/>\n<link rel=\"canonical\" href=\"https:\/\/luzjardin.com\/ca\/productes\/xible-12v-copia\/\" \/>\n<meta property=\"og:locale\" content=\"ca_ES\" \/>\n<meta property=\"og:type\" content=\"article\" \/>\n<meta property=\"og:title\" content=\"Castor Smart 12V (Zigbee) - Iluminacion Exterior Jardin\" \/>\n<meta property=\"og:description\" content=\"\u2605 Garden Lights Castor Smart 12V (Zigbee) - compre en la tienda en l\u00ednea Haztuluz \u2705 Entrega en Espa\u00f1a \u2705 Garant\u00eda oficial \u2705 F\u00e1cil instalaci\u00f3n \u2705 Soporte completo \u2605\" \/>\n<meta property=\"og:url\" content=\"https:\/\/luzjardin.com\/ca\/productes\/xible-12v-copia\/\" \/>\n<meta property=\"og:site_name\" content=\"Il\u00b7luminaci\u00f3 Exterior de Jardins\" \/>\n<meta property=\"article:publisher\" content=\"https:\/\/www.facebook.com\/LuzJardiniluminacion\/\" \/>\n<meta property=\"article:modified_time\" content=\"2023-10-06T06:44:08+00:00\" \/>\n<meta property=\"og:image\" content=\"https:\/\/luzjardin.com\/wp-content\/uploads\/2023\/10\/image-1-1.png\" \/>\n\t<meta property=\"og:image:width\" content=\"842\" \/>\n\t<meta property=\"og:image:height\" content=\"842\" \/>\n\t<meta property=\"og:image:type\" content=\"image\/png\" \/>\n<meta name=\"twitter:card\" content=\"summary_large_image\" \/>\n<script type=\"application\/ld+json\" class=\"yoast-schema-graph\">{\"@context\":\"https:\/\/schema.org\",\"@graph\":[{\"@type\":\"WebPage\",\"@id\":\"https:\/\/luzjardin.com\/ca\/productes\/xible-12v-copia\/\",\"url\":\"https:\/\/luzjardin.com\/ca\/productes\/xible-12v-copia\/\",\"name\":\"Castor Smart 12V (Zigbee) - Iluminacion Exterior Jardin\",\"isPartOf\":{\"@id\":\"https:\/\/luzjardin.com\/#website\"},\"primaryImageOfPage\":{\"@id\":\"https:\/\/luzjardin.com\/ca\/productes\/xible-12v-copia\/#primaryimage\"},\"image\":{\"@id\":\"https:\/\/luzjardin.com\/ca\/productes\/xible-12v-copia\/#primaryimage\"},\"thumbnailUrl\":\"https:\/\/luzjardin.com\/wp-content\/uploads\/2023\/10\/image-1-1.png\",\"datePublished\":\"2023-10-06T05:50:32+00:00\",\"dateModified\":\"2023-10-06T06:44:08+00:00\",\"description\":\"\u2605 Garden Lights Castor Smart 12V (Zigbee) - compre en la tienda en l\u00ednea Haztuluz \u2705 Entrega en Espa\u00f1a \u2705 Garant\u00eda oficial \u2705 F\u00e1cil instalaci\u00f3n \u2705 Soporte completo \u2605\",\"breadcrumb\":{\"@id\":\"https:\/\/luzjardin.com\/ca\/productes\/xible-12v-copia\/#breadcrumb\"},\"inLanguage\":\"ca\",\"potentialAction\":[{\"@type\":\"ReadAction\",\"target\":[\"https:\/\/luzjardin.com\/ca\/productes\/xible-12v-copia\/\"]}]},{\"@type\":\"ImageObject\",\"inLanguage\":\"ca\",\"@id\":\"https:\/\/luzjardin.com\/ca\/productes\/xible-12v-copia\/#primaryimage\",\"url\":\"https:\/\/luzjardin.com\/wp-content\/uploads\/2023\/10\/image-1-1.png\",\"contentUrl\":\"https:\/\/luzjardin.com\/wp-content\/uploads\/2023\/10\/image-1-1.png\",\"width\":842,\"height\":842},{\"@type\":\"BreadcrumbList\",\"@id\":\"https:\/\/luzjardin.com\/ca\/productes\/xible-12v-copia\/#breadcrumb\",\"itemListElement\":[{\"@type\":\"ListItem\",\"position\":1,\"name\":\"Home\",\"item\":\"https:\/\/luzjardin.com\/ca\/\"},{\"@type\":\"ListItem\",\"position\":2,\"name\":\"Todos los productos\",\"item\":\"https:\/\/luzjardin.com\/tienda\/\"},{\"@type\":\"ListItem\",\"position\":3,\"name\":\"Castor Smart 12V (Zigbee)\"}]},{\"@type\":\"WebSite\",\"@id\":\"https:\/\/luzjardin.com\/#website\",\"url\":\"https:\/\/luzjardin.com\/\",\"name\":\"Il\u00b7luminaci\u00f3 Exterior de Jardins\",\"description\":\"LightPro Espa\u00f1a\",\"publisher\":{\"@id\":\"https:\/\/luzjardin.com\/#organization\"},\"potentialAction\":[{\"@type\":\"SearchAction\",\"target\":{\"@type\":\"EntryPoint\",\"urlTemplate\":\"https:\/\/luzjardin.com\/?s={search_term_string}\"},\"query-input\":{\"@type\":\"PropertyValueSpecification\",\"valueRequired\":true,\"valueName\":\"search_term_string\"}}],\"inLanguage\":\"ca\"},{\"@type\":\"Organization\",\"@id\":\"https:\/\/luzjardin.com\/#organization\",\"name\":\"LightPro\",\"url\":\"https:\/\/luzjardin.com\/\",\"logo\":{\"@type\":\"ImageObject\",\"inLanguage\":\"ca\",\"@id\":\"https:\/\/luzjardin.com\/#\/schema\/logo\/image\/\",\"url\":\"https:\/\/luzjardin.com\/wp-content\/uploads\/2019\/06\/lightpro-12volt-logo.svg\",\"contentUrl\":\"https:\/\/luzjardin.com\/wp-content\/uploads\/2019\/06\/lightpro-12volt-logo.svg\",\"width\":1,\"height\":1,\"caption\":\"LightPro\"},\"image\":{\"@id\":\"https:\/\/luzjardin.com\/#\/schema\/logo\/image\/\"},\"sameAs\":[\"https:\/\/www.facebook.com\/LuzJardiniluminacion\/\",\"https:\/\/www.instagram.com\/luzjardin\/\",\"https:\/\/www.youtube.com\/channel\/UC6I_ssvnZbWlsJQOvnIOy_g\"]}]}<\/script>\n","yoast_head_json":{"title":"Castor Smart 12V (Zigbee) - Iluminacion Exterior Jardin","description":"\u2605 Garden Lights Castor Smart 12V (Zigbee) - compre en la tienda en l\u00ednea Haztuluz \u2705 Entrega en Espa\u00f1a \u2705 Garant\u00eda oficial \u2705 F\u00e1cil instalaci\u00f3n \u2705 Soporte completo \u2605","robots":{"index":"index","follow":"follow","max-snippet":"max-snippet:-1","max-image-preview":"max-image-preview:large","max-video-preview":"max-video-preview:-1"},"canonical":"https:\/\/luzjardin.com\/ca\/productes\/xible-12v-copia\/","og_locale":"ca_ES","og_type":"article","og_title":"Castor Smart 12V (Zigbee) - Iluminacion Exterior Jardin","og_description":"\u2605 Garden Lights Castor Smart 12V (Zigbee) - compre en la tienda en l\u00ednea Haztuluz \u2705 Entrega en Espa\u00f1a \u2705 Garant\u00eda oficial \u2705 F\u00e1cil instalaci\u00f3n \u2705 Soporte completo \u2605","og_url":"https:\/\/luzjardin.com\/ca\/productes\/xible-12v-copia\/","og_site_name":"Il\u00b7luminaci\u00f3 Exterior de Jardins","article_publisher":"https:\/\/www.facebook.com\/LuzJardiniluminacion\/","article_modified_time":"2023-10-06T06:44:08+00:00","og_image":[{"width":842,"height":842,"url":"https:\/\/luzjardin.com\/wp-content\/uploads\/2023\/10\/image-1-1.png","type":"image\/png"}],"twitter_card":"summary_large_image","schema":{"@context":"https:\/\/schema.org","@graph":[{"@type":"WebPage","@id":"https:\/\/luzjardin.com\/ca\/productes\/xible-12v-copia\/","url":"https:\/\/luzjardin.com\/ca\/productes\/xible-12v-copia\/","name":"Castor Smart 12V (Zigbee) - Iluminacion Exterior Jardin","isPartOf":{"@id":"https:\/\/luzjardin.com\/#website"},"primaryImageOfPage":{"@id":"https:\/\/luzjardin.com\/ca\/productes\/xible-12v-copia\/#primaryimage"},"image":{"@id":"https:\/\/luzjardin.com\/ca\/productes\/xible-12v-copia\/#primaryimage"},"thumbnailUrl":"https:\/\/luzjardin.com\/wp-content\/uploads\/2023\/10\/image-1-1.png","datePublished":"2023-10-06T05:50:32+00:00","dateModified":"2023-10-06T06:44:08+00:00","description":"\u2605 Garden Lights Castor Smart 12V (Zigbee) - compre en la tienda en l\u00ednea Haztuluz \u2705 Entrega en Espa\u00f1a \u2705 Garant\u00eda oficial \u2705 F\u00e1cil instalaci\u00f3n \u2705 Soporte completo \u2605","breadcrumb":{"@id":"https:\/\/luzjardin.com\/ca\/productes\/xible-12v-copia\/#breadcrumb"},"inLanguage":"ca","potentialAction":[{"@type":"ReadAction","target":["https:\/\/luzjardin.com\/ca\/productes\/xible-12v-copia\/"]}]},{"@type":"ImageObject","inLanguage":"ca","@id":"https:\/\/luzjardin.com\/ca\/productes\/xible-12v-copia\/#primaryimage","url":"https:\/\/luzjardin.com\/wp-content\/uploads\/2023\/10\/image-1-1.png","contentUrl":"https:\/\/luzjardin.com\/wp-content\/uploads\/2023\/10\/image-1-1.png","width":842,"height":842},{"@type":"BreadcrumbList","@id":"https:\/\/luzjardin.com\/ca\/productes\/xible-12v-copia\/#breadcrumb","itemListElement":[{"@type":"ListItem","position":1,"name":"Home","item":"https:\/\/luzjardin.com\/ca\/"},{"@type":"ListItem","position":2,"name":"Todos los productos","item":"https:\/\/luzjardin.com\/tienda\/"},{"@type":"ListItem","position":3,"name":"Castor Smart 12V (Zigbee)"}]},{"@type":"WebSite","@id":"https:\/\/luzjardin.com\/#website","url":"https:\/\/luzjardin.com\/","name":"Il\u00b7luminaci\u00f3 Exterior de Jardins","description":"LightPro Espa\u00f1a","publisher":{"@id":"https:\/\/luzjardin.com\/#organization"},"potentialAction":[{"@type":"SearchAction","target":{"@type":"EntryPoint","urlTemplate":"https:\/\/luzjardin.com\/?s={search_term_string}"},"query-input":{"@type":"PropertyValueSpecification","valueRequired":true,"valueName":"search_term_string"}}],"inLanguage":"ca"},{"@type":"Organization","@id":"https:\/\/luzjardin.com\/#organization","name":"LightPro","url":"https:\/\/luzjardin.com\/","logo":{"@type":"ImageObject","inLanguage":"ca","@id":"https:\/\/luzjardin.com\/#\/schema\/logo\/image\/","url":"https:\/\/luzjardin.com\/wp-content\/uploads\/2019\/06\/lightpro-12volt-logo.svg","contentUrl":"https:\/\/luzjardin.com\/wp-content\/uploads\/2019\/06\/lightpro-12volt-logo.svg","width":1,"height":1,"caption":"LightPro"},"image":{"@id":"https:\/\/luzjardin.com\/#\/schema\/logo\/image\/"},"sameAs":["https:\/\/www.facebook.com\/LuzJardiniluminacion\/","https:\/\/www.instagram.com\/luzjardin\/","https:\/\/www.youtube.com\/channel\/UC6I_ssvnZbWlsJQOvnIOy_g"]}]}},"_links":{"self":[{"href":"https:\/\/luzjardin.com\/ca\/wp-json\/wp\/v2\/product\/7061","targetHints":{"allow":["GET"]}}],"collection":[{"href":"https:\/\/luzjardin.com\/ca\/wp-json\/wp\/v2\/product"}],"about":[{"href":"https:\/\/luzjardin.com\/ca\/wp-json\/wp\/v2\/types\/product"}],"replies":[{"embeddable":true,"href":"https:\/\/luzjardin.com\/ca\/wp-json\/wp\/v2\/comments?post=7061"}],"wp:featuredmedia":[{"embeddable":true,"href":"https:\/\/luzjardin.com\/ca\/wp-json\/wp\/v2\/media\/7067"}],"wp:attachment":[{"href":"https:\/\/luzjardin.com\/ca\/wp-json\/wp\/v2\/media?parent=7061"}],"wp:term":[{"taxonomy":"product_brand","embeddable":true,"href":"https:\/\/luzjardin.com\/ca\/wp-json\/wp\/v2\/product_brand?post=7061"},{"taxonomy":"product_cat","embeddable":true,"href":"https:\/\/luzjardin.com\/ca\/wp-json\/wp\/v2\/product_cat?post=7061"},{"taxonomy":"product_tag","embeddable":true,"href":"https:\/\/luzjardin.com\/ca\/wp-json\/wp\/v2\/product_tag?post=7061"}],"curies":[{"name":"wp","href":"https:\/\/api.w.org\/{rel}","templated":true}]}}