{"id":7912,"date":"2024-12-13T15:42:08","date_gmt":"2024-12-13T14:42:09","guid":{"rendered":"https:\/\/luzjardin.com\/?post_type=product&#038;p=7912"},"modified":"2024-12-13T16:28:22","modified_gmt":"2024-12-13T15:28:22","slug":"deco-50-smart-12v-zigbee","status":"publish","type":"product","link":"https:\/\/luzjardin.com\/ca\/productes\/deco-50-smart-12v-zigbee\/","title":{"rendered":"Deco 50 Smart 12V (Zigbee)"},"content":{"rendered":"<p>[vc_row][vc_column width=&#8221;1\/2&#8243;][vc_column_text text_larger=&#8221;no&#8221;]<\/p>\n<h4>Especificacions<\/h4>\n<table class=\"table\">\n<tbody>\n<tr>\n<td>Article n\u00famero<\/td>\n<td>256N<\/td>\n<\/tr>\n<tr>\n<td>Codi EAN<\/td>\n<td>8719979284596<\/td>\n<\/tr>\n<tr>\n<td>Garantia (any)<\/td>\n<td>6<\/td>\n<\/tr>\n<tr>\n<td>Frontera<\/td>\n<td>de l&#8217;aplicaci\u00f3, terrassa, cal\u00e7ada, cam\u00ed, sostre, casa<\/td>\n<\/tr>\n<tr>\n<td>Mides H x A x P<\/td>\n<td>500 mm x 500 mm x 500 mm<\/td>\n<\/tr>\n<tr>\n<td>Material<\/td>\n<td>Pl\u00e1stic<\/td>\n<\/tr>\n<tr>\n<td>Color<\/td>\n<td>Blanc<\/td>\n<\/tr>\n<tr>\n<td>Clase IP<\/td>\n<td>IP44<\/td>\n<\/tr>\n<tr>\n<td>Classe de protecci\u00f3<\/td>\n<td>III<\/td>\n<\/tr>\n<tr>\n<td>Pot\u00e8ncia (total)<\/td>\n<td>4<\/td>\n<\/tr>\n<tr>\n<td>Lumen (Total)<\/td>\n<td>280<\/td>\n<\/tr>\n<tr>\n<td>Quantitat de fonts de llum per l\u00e0mpada<\/td>\n<td>1<\/td>\n<\/tr>\n<tr>\n<td>Classe energ\u00e8tica<\/td>\n<td>G<\/td>\n<\/tr>\n<tr>\n<td>Color clar<\/td>\n<td>RGB<\/td>\n<\/tr>\n<tr>\n<td>N\u00famero d&#8217;article lightsource (Techmar)<\/td>\n<td>6288011<\/td>\n<\/tr>\n<tr>\n<td>La font de llum inclou el<\/td>\n<td>n\u00fam<\/td>\n<\/tr>\n<tr>\n<td>Font de llum reempla\u00e7able<\/td>\n<td>S\u00ed<\/td>\n<\/tr>\n<tr>\n<td>Font de llum substitu\u00efble per Smart<\/td>\n<td>MR16<\/td>\n<\/tr>\n<tr>\n<td>Direcci\u00f3 de la llum<\/td>\n<td>Al voltant<\/td>\n<\/tr>\n<tr>\n<td>Intelligent<\/td>\n<td>S\u00ed<\/td>\n<\/tr>\n<tr>\n<td>Bluetooth \/ wifi \/ RF \/ Zigbee \/<\/td>\n<td>Zigbee infrarojos<\/td>\n<\/tr>\n<tr>\n<td>Temperatura ambient m\u00ednima (\u00b0C)<\/td>\n<td>-20<\/td>\n<\/tr>\n<tr>\n<td>Temperatura ambient m\u00e0xima (\u00b0C)<\/td>\n<td>50<\/td>\n<\/tr>\n<tr>\n<td>Nombre de llumin\u00e0ries en un paquet<\/td>\n<td>1<\/td>\n<\/tr>\n<tr>\n<td>Vida \u00fatil (hores)<\/td>\n<td>25000<\/td>\n<\/tr>\n<tr>\n<td>Atenuador<\/td>\n<td>n\u00fam<\/td>\n<\/tr>\n<tr>\n<td>Adequat per a regulador extern<\/td>\n<td>n\u00fam<\/td>\n<\/tr>\n<tr>\n<td>Transpassable<\/td>\n<td>n\u00fam<\/td>\n<\/tr>\n<tr>\n<td>AC\/DC<\/td>\n<td>S\u00ed<\/td>\n<\/tr>\n<tr>\n<td>Elements de fixaci\u00f3<\/td>\n<td>Punt de terra, connector F, peu<\/td>\n<\/tr>\n<tr>\n<td>Ajustable<\/td>\n<td>n\u00fam<\/td>\n<\/tr>\n<tr>\n<td>Pes del producte (kg)<\/td>\n<td>2,452<\/td>\n<\/tr>\n<tr>\n<td>Submari<\/td>\n<td>n\u00fam<\/td>\n<\/tr>\n<\/tbody>\n<\/table>\n<p>[\/vc_column_text][\/vc_column][vc_column width=&#8221;1\/2&#8243;][vc_column_text text_larger=&#8221;no&#8221;]Un jard\u00ed on passar tota la vetllada contemplant la posta de sol a poc a poc. Aix\u00f2 no \u00e9s cap problema amb el Deco 50 Smart (Zigbee). Amb aquesta llum, crear\u00e0s l&#8217;ambient al teu jard\u00ed. Es pot controlar mitjan\u00e7ant l&#8217;aplicaci\u00f3 Lightpro i es pot configurar en diversos colors. Simplement, des de la comoditat de la seva cadira.<\/p>\n<p>\u2022 Font de llum Zigbee (RGB + CCT)<br \/>\n\u2022 Controlable mitjan\u00e7ant l&#8217;aplicaci\u00f3 Lightpro<br \/>\n\u2022 F\u00e0cilment despla\u00e7able<br \/>\n\u2022 Resistent a la intemp\u00e8rie[\/vc_column_text][vc_column_text text_larger=&#8221;no&#8221;]<\/p>\n<div class=\"lRu31\" dir=\"ltr\"><span class=\"HwtZe\" lang=\"ca\"><span class=\"jCAhz ChMk0b\"><span class=\"ryNqvb\">Experimenta la facilitat de la il\u00b7luminaci\u00f3 exterior SMART<\/span><\/span><\/span><\/div>\n<div dir=\"ltr\"><\/div>\n<div class=\"lRu31\" dir=\"ltr\"><span class=\"HwtZe\" lang=\"ca\"> <span class=\"jCAhz ChMk0b\"><span class=\"ryNqvb\">Lightpro smart a Zigbee \u00e9s la soluci\u00f3 que trieu quan voleu convertir el vostre jard\u00ed intel\u00b7ligent amb els llums i accessoris Lightpro de 12 volts.<\/span><\/span> <span class=\"jCAhz ChMk0b\"><span class=\"ryNqvb\">Aquesta pr\u00e0ctica aplicaci\u00f3 us permet encendre i apagar els vostres llums, atenuar-los i triar entre milions de colors diferents mitjan\u00e7ant la roda de colors.<\/span><\/span><\/span><\/div>\n<div dir=\"ltr\"><\/div>\n<div class=\"lRu31\" dir=\"ltr\">\n<p><span class=\"HwtZe\" lang=\"ca\"> <span class=\"jCAhz ChMk0b\"><span class=\"ryNqvb\">O configura diversos temporitzadors perqu\u00e8 sembli que est\u00e0s a casa!<\/span><\/span> <span class=\"jCAhz ChMk0b\"><span class=\"ryNqvb\">L&#8217;aplicaci\u00f3 Lightpro t\u00e9 una funci\u00f3 de temporitzador que us permet configurar manualment l&#8217;hora d&#8217;encendre i apagar els vostres llums, o triar un temporitzador autom\u00e0tic perqu\u00e8 els llums s&#8217;encenguin al capvespre i s&#8217;apaguin de nou a la sortida del sol.<\/span><\/span> <span class=\"jCAhz ChMk0b\"><span class=\"ryNqvb\">Tamb\u00e9 podeu configurar els llums perqu\u00e8 s&#8217;encenguin autom\u00e0ticament quan es detecti moviment.<\/span><\/span><\/span><\/p>\n<div class=\"OvtS8d\"><\/div>\n<div id=\"ow36\"><\/div>\n<\/div>\n<div class=\"UdTY9 WdefRb\" aria-hidden=\"true\" data-location=\"2\">\n<div class=\"kO6q6e\"><\/div>\n<\/div>\n<p><span class=\"HwtZe\" lang=\"ca\">\u00a0<\/span>[\/vc_column_text][vc_single_image image=&#8221;7921&#8243; img_size=&#8221;full&#8221; alignment=&#8221;center&#8221; parallax_scroll=&#8221;no&#8221;][\/vc_column][\/vc_row]<\/p>\n","protected":false},"excerpt":{"rendered":"<p>Un jard\u00ed on passar tota la vetllada contemplant la posta de sol a poc a poc.<\/p>\n","protected":false},"featured_media":7951,"comment_status":"open","ping_status":"closed","template":"","meta":[],"product_brand":[],"product_cat":[144,154],"product_tag":[],"class_list":{"0":"post-7912","1":"product","2":"type-product","3":"status-publish","4":"has-post-thumbnail","6":"product_cat-iluminacio-ambiental","7":"product_cat-all-ca","9":"first","10":"instock","11":"taxable","12":"shipping-taxable","13":"purchasable","14":"product-type-simple"},"yoast_head":"\n<title>Deco 50 Smart 12V (Zigbee) - Iluminacion Exterior Jardin<\/title>\n<meta name=\"description\" content=\"\u2605 LightPro Deco 50 Smart 12V (Zigbee) - compra&#039;l a la nostre botiga online. Entrega a Domicili. Garant\u00eda oficial i F\u00e1cil instal\u00b7laci\u00f3.\u2605\" \/>\n<meta name=\"robots\" content=\"index, follow, max-snippet:-1, max-image-preview:large, max-video-preview:-1\" \/>\n<link rel=\"canonical\" href=\"https:\/\/luzjardin.com\/productos\/deco-50-inteligente-12v-zigbee\/\" \/>\n<meta property=\"og:locale\" content=\"ca_ES\" \/>\n<meta property=\"og:type\" content=\"article\" \/>\n<meta property=\"og:title\" content=\"Deco 50 Smart 12V (Zigbee) - Iluminacion Exterior Jardin\" \/>\n<meta property=\"og:description\" content=\"\u2605 LightPro Deco 50 Smart 12V (Zigbee) - compra&#039;l a la nostre botiga online. Entrega a Domicili. Garant\u00eda oficial i F\u00e1cil instal\u00b7laci\u00f3.\u2605\" \/>\n<meta property=\"og:url\" content=\"https:\/\/luzjardin.com\/productos\/deco-50-inteligente-12v-zigbee\/\" \/>\n<meta property=\"og:site_name\" content=\"Il\u00b7luminaci\u00f3 Exterior de Jardins\" \/>\n<meta property=\"article:publisher\" content=\"https:\/\/www.facebook.com\/LuzJardiniluminacion\/\" \/>\n<meta property=\"article:modified_time\" content=\"2024-12-13T15:28:22+00:00\" \/>\n<meta property=\"og:image\" content=\"https:\/\/luzjardin.com\/wp-content\/uploads\/2024\/12\/400-\u043d\u0430-400_3-1-c-\u0440\u0435\u0444\u043b\u0435\u043a\u0441\u043e\u043c-1.png\" \/>\n\t<meta property=\"og:image:width\" content=\"400\" \/>\n\t<meta property=\"og:image:height\" content=\"400\" \/>\n\t<meta property=\"og:image:type\" content=\"image\/png\" \/>\n<meta name=\"twitter:card\" content=\"summary_large_image\" \/>\n<meta name=\"twitter:label1\" content=\"Temps estimat de lectura\" \/>\n\t<meta name=\"twitter:data1\" content=\"2 minuts\" \/>\n<script type=\"application\/ld+json\" class=\"yoast-schema-graph\">{\"@context\":\"https:\/\/schema.org\",\"@graph\":[{\"@type\":\"WebPage\",\"@id\":\"https:\/\/luzjardin.com\/productos\/deco-50-inteligente-12v-zigbee\/\",\"url\":\"https:\/\/luzjardin.com\/productos\/deco-50-inteligente-12v-zigbee\/\",\"name\":\"Deco 50 Smart 12V (Zigbee) - Iluminacion Exterior Jardin\",\"isPartOf\":{\"@id\":\"https:\/\/luzjardin.com\/#website\"},\"primaryImageOfPage\":{\"@id\":\"https:\/\/luzjardin.com\/productos\/deco-50-inteligente-12v-zigbee\/#primaryimage\"},\"image\":{\"@id\":\"https:\/\/luzjardin.com\/productos\/deco-50-inteligente-12v-zigbee\/#primaryimage\"},\"thumbnailUrl\":\"https:\/\/luzjardin.com\/wp-content\/uploads\/2024\/12\/400-\u043d\u0430-400_3-1-c-\u0440\u0435\u0444\u043b\u0435\u043a\u0441\u043e\u043c-1.png\",\"datePublished\":\"2024-12-13T14:42:09+00:00\",\"dateModified\":\"2024-12-13T15:28:22+00:00\",\"description\":\"\u2605 LightPro Deco 50 Smart 12V (Zigbee) - compra'l a la nostre botiga online. Entrega a Domicili. Garant\u00eda oficial i F\u00e1cil instal\u00b7laci\u00f3.\u2605\",\"breadcrumb\":{\"@id\":\"https:\/\/luzjardin.com\/productos\/deco-50-inteligente-12v-zigbee\/#breadcrumb\"},\"inLanguage\":\"ca\",\"potentialAction\":[{\"@type\":\"ReadAction\",\"target\":[\"https:\/\/luzjardin.com\/productos\/deco-50-inteligente-12v-zigbee\/\"]}]},{\"@type\":\"ImageObject\",\"inLanguage\":\"ca\",\"@id\":\"https:\/\/luzjardin.com\/productos\/deco-50-inteligente-12v-zigbee\/#primaryimage\",\"url\":\"https:\/\/luzjardin.com\/wp-content\/uploads\/2024\/12\/400-\u043d\u0430-400_3-1-c-\u0440\u0435\u0444\u043b\u0435\u043a\u0441\u043e\u043c-1.png\",\"contentUrl\":\"https:\/\/luzjardin.com\/wp-content\/uploads\/2024\/12\/400-\u043d\u0430-400_3-1-c-\u0440\u0435\u0444\u043b\u0435\u043a\u0441\u043e\u043c-1.png\",\"width\":400,\"height\":400},{\"@type\":\"BreadcrumbList\",\"@id\":\"https:\/\/luzjardin.com\/productos\/deco-50-inteligente-12v-zigbee\/#breadcrumb\",\"itemListElement\":[{\"@type\":\"ListItem\",\"position\":1,\"name\":\"Home\",\"item\":\"https:\/\/luzjardin.com\/ca\/\"},{\"@type\":\"ListItem\",\"position\":2,\"name\":\"Todos los productos\",\"item\":\"https:\/\/luzjardin.com\/tienda\/\"},{\"@type\":\"ListItem\",\"position\":3,\"name\":\"Deco 50 Smart 12V (Zigbee)\"}]},{\"@type\":\"WebSite\",\"@id\":\"https:\/\/luzjardin.com\/#website\",\"url\":\"https:\/\/luzjardin.com\/\",\"name\":\"Il\u00b7luminaci\u00f3 Exterior de Jardins\",\"description\":\"LightPro Espa\u00f1a\",\"publisher\":{\"@id\":\"https:\/\/luzjardin.com\/#organization\"},\"potentialAction\":[{\"@type\":\"SearchAction\",\"target\":{\"@type\":\"EntryPoint\",\"urlTemplate\":\"https:\/\/luzjardin.com\/?s={search_term_string}\"},\"query-input\":{\"@type\":\"PropertyValueSpecification\",\"valueRequired\":true,\"valueName\":\"search_term_string\"}}],\"inLanguage\":\"ca\"},{\"@type\":\"Organization\",\"@id\":\"https:\/\/luzjardin.com\/#organization\",\"name\":\"LightPro\",\"url\":\"https:\/\/luzjardin.com\/\",\"logo\":{\"@type\":\"ImageObject\",\"inLanguage\":\"ca\",\"@id\":\"https:\/\/luzjardin.com\/#\/schema\/logo\/image\/\",\"url\":\"https:\/\/luzjardin.com\/wp-content\/uploads\/2019\/06\/lightpro-12volt-logo.svg\",\"contentUrl\":\"https:\/\/luzjardin.com\/wp-content\/uploads\/2019\/06\/lightpro-12volt-logo.svg\",\"width\":1,\"height\":1,\"caption\":\"LightPro\"},\"image\":{\"@id\":\"https:\/\/luzjardin.com\/#\/schema\/logo\/image\/\"},\"sameAs\":[\"https:\/\/www.facebook.com\/LuzJardiniluminacion\/\",\"https:\/\/www.instagram.com\/luzjardin\/\",\"https:\/\/www.youtube.com\/channel\/UC6I_ssvnZbWlsJQOvnIOy_g\"]}]}<\/script>\n","yoast_head_json":{"title":"Deco 50 Smart 12V (Zigbee) - Iluminacion Exterior Jardin","description":"\u2605 LightPro Deco 50 Smart 12V (Zigbee) - compra'l a la nostre botiga online. Entrega a Domicili. Garant\u00eda oficial i F\u00e1cil instal\u00b7laci\u00f3.\u2605","robots":{"index":"index","follow":"follow","max-snippet":"max-snippet:-1","max-image-preview":"max-image-preview:large","max-video-preview":"max-video-preview:-1"},"canonical":"https:\/\/luzjardin.com\/productos\/deco-50-inteligente-12v-zigbee\/","og_locale":"ca_ES","og_type":"article","og_title":"Deco 50 Smart 12V (Zigbee) - Iluminacion Exterior Jardin","og_description":"\u2605 LightPro Deco 50 Smart 12V (Zigbee) - compra'l a la nostre botiga online. Entrega a Domicili. Garant\u00eda oficial i F\u00e1cil instal\u00b7laci\u00f3.\u2605","og_url":"https:\/\/luzjardin.com\/productos\/deco-50-inteligente-12v-zigbee\/","og_site_name":"Il\u00b7luminaci\u00f3 Exterior de Jardins","article_publisher":"https:\/\/www.facebook.com\/LuzJardiniluminacion\/","article_modified_time":"2024-12-13T15:28:22+00:00","og_image":[{"width":400,"height":400,"url":"https:\/\/luzjardin.com\/wp-content\/uploads\/2024\/12\/400-\u043d\u0430-400_3-1-c-\u0440\u0435\u0444\u043b\u0435\u043a\u0441\u043e\u043c-1.png","type":"image\/png"}],"twitter_card":"summary_large_image","twitter_misc":{"Temps estimat de lectura":"2 minuts"},"schema":{"@context":"https:\/\/schema.org","@graph":[{"@type":"WebPage","@id":"https:\/\/luzjardin.com\/productos\/deco-50-inteligente-12v-zigbee\/","url":"https:\/\/luzjardin.com\/productos\/deco-50-inteligente-12v-zigbee\/","name":"Deco 50 Smart 12V (Zigbee) - Iluminacion Exterior Jardin","isPartOf":{"@id":"https:\/\/luzjardin.com\/#website"},"primaryImageOfPage":{"@id":"https:\/\/luzjardin.com\/productos\/deco-50-inteligente-12v-zigbee\/#primaryimage"},"image":{"@id":"https:\/\/luzjardin.com\/productos\/deco-50-inteligente-12v-zigbee\/#primaryimage"},"thumbnailUrl":"https:\/\/luzjardin.com\/wp-content\/uploads\/2024\/12\/400-\u043d\u0430-400_3-1-c-\u0440\u0435\u0444\u043b\u0435\u043a\u0441\u043e\u043c-1.png","datePublished":"2024-12-13T14:42:09+00:00","dateModified":"2024-12-13T15:28:22+00:00","description":"\u2605 LightPro Deco 50 Smart 12V (Zigbee) - compra'l a la nostre botiga online. Entrega a Domicili. Garant\u00eda oficial i F\u00e1cil instal\u00b7laci\u00f3.\u2605","breadcrumb":{"@id":"https:\/\/luzjardin.com\/productos\/deco-50-inteligente-12v-zigbee\/#breadcrumb"},"inLanguage":"ca","potentialAction":[{"@type":"ReadAction","target":["https:\/\/luzjardin.com\/productos\/deco-50-inteligente-12v-zigbee\/"]}]},{"@type":"ImageObject","inLanguage":"ca","@id":"https:\/\/luzjardin.com\/productos\/deco-50-inteligente-12v-zigbee\/#primaryimage","url":"https:\/\/luzjardin.com\/wp-content\/uploads\/2024\/12\/400-\u043d\u0430-400_3-1-c-\u0440\u0435\u0444\u043b\u0435\u043a\u0441\u043e\u043c-1.png","contentUrl":"https:\/\/luzjardin.com\/wp-content\/uploads\/2024\/12\/400-\u043d\u0430-400_3-1-c-\u0440\u0435\u0444\u043b\u0435\u043a\u0441\u043e\u043c-1.png","width":400,"height":400},{"@type":"BreadcrumbList","@id":"https:\/\/luzjardin.com\/productos\/deco-50-inteligente-12v-zigbee\/#breadcrumb","itemListElement":[{"@type":"ListItem","position":1,"name":"Home","item":"https:\/\/luzjardin.com\/ca\/"},{"@type":"ListItem","position":2,"name":"Todos los productos","item":"https:\/\/luzjardin.com\/tienda\/"},{"@type":"ListItem","position":3,"name":"Deco 50 Smart 12V (Zigbee)"}]},{"@type":"WebSite","@id":"https:\/\/luzjardin.com\/#website","url":"https:\/\/luzjardin.com\/","name":"Il\u00b7luminaci\u00f3 Exterior de Jardins","description":"LightPro Espa\u00f1a","publisher":{"@id":"https:\/\/luzjardin.com\/#organization"},"potentialAction":[{"@type":"SearchAction","target":{"@type":"EntryPoint","urlTemplate":"https:\/\/luzjardin.com\/?s={search_term_string}"},"query-input":{"@type":"PropertyValueSpecification","valueRequired":true,"valueName":"search_term_string"}}],"inLanguage":"ca"},{"@type":"Organization","@id":"https:\/\/luzjardin.com\/#organization","name":"LightPro","url":"https:\/\/luzjardin.com\/","logo":{"@type":"ImageObject","inLanguage":"ca","@id":"https:\/\/luzjardin.com\/#\/schema\/logo\/image\/","url":"https:\/\/luzjardin.com\/wp-content\/uploads\/2019\/06\/lightpro-12volt-logo.svg","contentUrl":"https:\/\/luzjardin.com\/wp-content\/uploads\/2019\/06\/lightpro-12volt-logo.svg","width":1,"height":1,"caption":"LightPro"},"image":{"@id":"https:\/\/luzjardin.com\/#\/schema\/logo\/image\/"},"sameAs":["https:\/\/www.facebook.com\/LuzJardiniluminacion\/","https:\/\/www.instagram.com\/luzjardin\/","https:\/\/www.youtube.com\/channel\/UC6I_ssvnZbWlsJQOvnIOy_g"]}]}},"_links":{"self":[{"href":"https:\/\/luzjardin.com\/ca\/wp-json\/wp\/v2\/product\/7912","targetHints":{"allow":["GET"]}}],"collection":[{"href":"https:\/\/luzjardin.com\/ca\/wp-json\/wp\/v2\/product"}],"about":[{"href":"https:\/\/luzjardin.com\/ca\/wp-json\/wp\/v2\/types\/product"}],"replies":[{"embeddable":true,"href":"https:\/\/luzjardin.com\/ca\/wp-json\/wp\/v2\/comments?post=7912"}],"wp:featuredmedia":[{"embeddable":true,"href":"https:\/\/luzjardin.com\/ca\/wp-json\/wp\/v2\/media\/7951"}],"wp:attachment":[{"href":"https:\/\/luzjardin.com\/ca\/wp-json\/wp\/v2\/media?parent=7912"}],"wp:term":[{"taxonomy":"product_brand","embeddable":true,"href":"https:\/\/luzjardin.com\/ca\/wp-json\/wp\/v2\/product_brand?post=7912"},{"taxonomy":"product_cat","embeddable":true,"href":"https:\/\/luzjardin.com\/ca\/wp-json\/wp\/v2\/product_cat?post=7912"},{"taxonomy":"product_tag","embeddable":true,"href":"https:\/\/luzjardin.com\/ca\/wp-json\/wp\/v2\/product_tag?post=7912"}],"curies":[{"name":"wp","href":"https:\/\/api.w.org\/{rel}","templated":true}]}}