{"id":8492,"date":"2025-09-04T13:52:04","date_gmt":"2025-09-04T12:52:03","guid":{"rendered":"https:\/\/luzjardin.com\/?post_type=product&#038;p=8492"},"modified":"2025-09-04T14:06:30","modified_gmt":"2025-09-04T13:06:30","slug":"deco-40-smart-12v-zigbee","status":"publish","type":"product","link":"https:\/\/luzjardin.com\/ca\/productes\/deco-40-smart-12v-zigbee\/","title":{"rendered":"Deco 40 Smart 12V (Zigbee)"},"content":{"rendered":"<div class=\"vc_row wpb_row vc_row-fluid\">\n<div class=\"wpb_column vc_column_container vc_col-sm-6\">\n<div class=\"vc_column-inner\">\n<div class=\"wpb_wrapper\">\n<div class=\"wpb_text_column wpb_content_element\">\n<div class=\"wpb_wrapper\">\n<h4>Especificacions<\/h4>\n<table class=\"table\">\n<tbody>\n<tr>\n<td>N\u00famero d&#8217;article<\/td>\n<td>255N<\/td>\n<\/tr>\n<tr>\n<td>Codi EAN<\/td>\n<td>8719979284589<\/td>\n<\/tr>\n<tr>\n<td>Codi estad\u00edstic<\/td>\n<td>94051940<\/td>\n<\/tr>\n<tr>\n<td>Garantia (anys)<\/td>\n<td>6<\/td>\n<\/tr>\n<tr>\n<td>Aplicaci\u00f3<\/td>\n<td>Estany, Teulada, Casa<\/td>\n<\/tr>\n<tr>\n<td>Dimensions (A x A x P)<\/td>\n<td>400 mm x 400 mm x 400 mm<\/td>\n<\/tr>\n<tr>\n<td>Material<\/td>\n<td>Polietil\u00e8<\/td>\n<\/tr>\n<tr>\n<td>Color<\/td>\n<td>Blanc<\/td>\n<\/tr>\n<tr>\n<td>Classe IP<\/td>\n<td>IP44<\/td>\n<\/tr>\n<tr>\n<td>Classe de protecci\u00f3<\/td>\n<td>III<\/td>\n<\/tr>\n<tr>\n<td>Pot\u00e8ncia (total)<\/td>\n<td>5<\/td>\n<\/tr>\n<tr>\n<td>Flux llumin\u00f3s net (L\u00famens)<\/td>\n<td>242<\/td>\n<\/tr>\n<tr>\n<td>Quantitat de fonts de llum per l\u00e0mpada<\/td>\n<td>1<\/td>\n<\/tr>\n<tr>\n<td>Classe energ\u00e8tica<\/td>\n<td>G<\/td>\n<\/tr>\n<tr>\n<td>Color de la llum<\/td>\n<td>RGB<\/td>\n<\/tr>\n<tr>\n<td>Tipus de font de llum<\/td>\n<td>SMD LED<\/td>\n<\/tr>\n<tr>\n<td>N\u00famero d&#8217;article font de llum (Techmar)<\/td>\n<td>1339001<\/td>\n<\/tr>\n<tr>\n<td>Font de llum inclosa<\/td>\n<td>S\u00ed<\/td>\n<\/tr>\n<tr>\n<td>Font de llum substitu\u00efble<\/td>\n<td>S\u00ed, per Smart MR16<\/td>\n<\/tr>\n<tr>\n<td>Direcci\u00f3 de la llum<\/td>\n<td>Tot al voltant<\/td>\n<\/tr>\n<tr>\n<td>Intel\u00b7ligent<\/td>\n<td>S\u00ed<\/td>\n<\/tr>\n<tr>\n<td>Bluetooth \/ WiFi \/ RF \/ Zigbee \/ Infraroig<\/td>\n<td>Zigbee<\/td>\n<\/tr>\n<tr>\n<td>Longitud del cable (metres)<\/td>\n<td>1,5<\/td>\n<\/tr>\n<tr>\n<td>Temperatura ambient m\u00ednima (\u00b0C)<\/td>\n<td>-20<\/td>\n<\/tr>\n<tr>\n<td>Temperatura ambient m\u00e0xima (\u00b0C)<\/td>\n<td>50<\/td>\n<\/tr>\n<tr>\n<td>Nombre de llumin\u00e0ries en un paquet<\/td>\n<td>1<\/td>\n<\/tr>\n<tr>\n<td>Durada vida \u00fatil (hores)<\/td>\n<td>25.000<\/td>\n<\/tr>\n<tr>\n<td>Regulador d&#8217;intensitat<\/td>\n<td>No<\/td>\n<\/tr>\n<tr>\n<td>Apte per a regulador d&#8217;intensitat extern<\/td>\n<td>No<\/td>\n<\/tr>\n<tr>\n<td>Passable<\/td>\n<td>No<\/td>\n<\/tr>\n<tr>\n<td>CA\/CC<\/td>\n<td>S\u00ed<\/td>\n<\/tr>\n<tr>\n<td>Fissatges<\/td>\n<td>Connector F, Peu<\/td>\n<\/tr>\n<tr>\n<td>Ajustable<\/td>\n<td>No<\/td>\n<\/tr>\n<tr>\n<td>Pes del producte (kg)<\/td>\n<td>1,447<\/td>\n<\/tr>\n<tr>\n<td>Subaigua<\/td>\n<td>No<\/td>\n<\/tr>\n<\/tbody>\n<\/table>\n<\/div>\n<\/div>\n<\/div>\n<\/div>\n<\/div>\n<\/div>\n","protected":false},"excerpt":{"rendered":"<p>Un jard\u00ed on pots passar tota la nit mentre mires com el sol es pon lentament. Aix\u00f2 no \u00e9s cap problema amb la Deco 40 Smart (Zigbee). Amb aquesta llum, pots crear l&#8217;ambient del teu jard\u00ed. Es pot controlar mitjan\u00e7ant l&#8217;aplicaci\u00f3 Lightpro i configurar-la en diversos colors. Simplement, des de la comoditat de la teva cadira.<\/p>\n<p>\u2022 Font de llum Zigbee (RGB + CCT)<br \/>\n\u2022 Controlable mitjan\u00e7ant l&#8217;aplicaci\u00f3 Lightpro<br \/>\n\u2022 F\u00e0cilment m\u00f2bil<br \/>\n\u2022 Resistent a la intemp\u00e8rie<\/p>\n","protected":false},"featured_media":7951,"comment_status":"open","ping_status":"closed","template":"","meta":[],"product_brand":[],"product_cat":[144],"product_tag":[],"class_list":{"0":"post-8492","1":"product","2":"type-product","3":"status-publish","4":"has-post-thumbnail","6":"product_cat-iluminacio-ambiental","8":"first","9":"onbackorder","10":"taxable","11":"shipping-taxable","12":"purchasable","13":"product-type-simple"},"yoast_head":"\n<title>Deco 40 Smart 12V (Zigbee) - Iluminacion Exterior Jardin<\/title>\n<meta name=\"description\" content=\"\u2605 Garden Lights Deco 40 Smart 12V (Zigbee) - compre en la tienda en l\u00ednea Haztuluz \u2705 Entrega en Espa\u00f1a \u2705 Garant\u00eda oficial \u2705 F\u00e1cil instalaci\u00f3n \u2705 Soporte completo \u2605\" \/>\n<meta name=\"robots\" content=\"index, follow, max-snippet:-1, max-image-preview:large, max-video-preview:-1\" \/>\n<link rel=\"canonical\" href=\"https:\/\/luzjardin.com\/ca\/productes\/deco-40-smart-12v-zigbee\/\" \/>\n<meta property=\"og:locale\" content=\"ca_ES\" \/>\n<meta property=\"og:type\" content=\"article\" \/>\n<meta property=\"og:title\" content=\"Deco 40 Smart 12V (Zigbee) - Iluminacion Exterior Jardin\" \/>\n<meta property=\"og:description\" content=\"\u2605 Garden Lights Deco 40 Smart 12V (Zigbee) - compre en la tienda en l\u00ednea Haztuluz \u2705 Entrega en Espa\u00f1a \u2705 Garant\u00eda oficial \u2705 F\u00e1cil instalaci\u00f3n \u2705 Soporte completo \u2605\" \/>\n<meta property=\"og:url\" content=\"https:\/\/luzjardin.com\/ca\/productes\/deco-40-smart-12v-zigbee\/\" \/>\n<meta property=\"og:site_name\" content=\"Il\u00b7luminaci\u00f3 Exterior de Jardins\" \/>\n<meta property=\"article:publisher\" content=\"https:\/\/www.facebook.com\/LuzJardiniluminacion\/\" \/>\n<meta property=\"article:modified_time\" content=\"2025-09-04T13:06:30+00:00\" \/>\n<meta property=\"og:image\" content=\"https:\/\/luzjardin.com\/wp-content\/uploads\/2024\/12\/400-\u043d\u0430-400_3-1-c-\u0440\u0435\u0444\u043b\u0435\u043a\u0441\u043e\u043c-1.png\" \/>\n\t<meta property=\"og:image:width\" content=\"400\" \/>\n\t<meta property=\"og:image:height\" content=\"400\" \/>\n\t<meta property=\"og:image:type\" content=\"image\/png\" \/>\n<meta name=\"twitter:card\" content=\"summary_large_image\" \/>\n<meta name=\"twitter:label1\" content=\"Temps estimat de lectura\" \/>\n\t<meta name=\"twitter:data1\" content=\"1 minut\" \/>\n<script type=\"application\/ld+json\" class=\"yoast-schema-graph\">{\"@context\":\"https:\/\/schema.org\",\"@graph\":[{\"@type\":\"WebPage\",\"@id\":\"https:\/\/luzjardin.com\/ca\/productes\/deco-40-smart-12v-zigbee\/\",\"url\":\"https:\/\/luzjardin.com\/ca\/productes\/deco-40-smart-12v-zigbee\/\",\"name\":\"Deco 40 Smart 12V (Zigbee) - Iluminacion Exterior Jardin\",\"isPartOf\":{\"@id\":\"https:\/\/luzjardin.com\/#website\"},\"primaryImageOfPage\":{\"@id\":\"https:\/\/luzjardin.com\/ca\/productes\/deco-40-smart-12v-zigbee\/#primaryimage\"},\"image\":{\"@id\":\"https:\/\/luzjardin.com\/ca\/productes\/deco-40-smart-12v-zigbee\/#primaryimage\"},\"thumbnailUrl\":\"https:\/\/luzjardin.com\/wp-content\/uploads\/2024\/12\/400-\u043d\u0430-400_3-1-c-\u0440\u0435\u0444\u043b\u0435\u043a\u0441\u043e\u043c-1.png\",\"datePublished\":\"2025-09-04T12:52:03+00:00\",\"dateModified\":\"2025-09-04T13:06:30+00:00\",\"description\":\"\u2605 Garden Lights Deco 40 Smart 12V (Zigbee) - compre en la tienda en l\u00ednea Haztuluz \u2705 Entrega en Espa\u00f1a \u2705 Garant\u00eda oficial \u2705 F\u00e1cil instalaci\u00f3n \u2705 Soporte completo \u2605\",\"breadcrumb\":{\"@id\":\"https:\/\/luzjardin.com\/ca\/productes\/deco-40-smart-12v-zigbee\/#breadcrumb\"},\"inLanguage\":\"ca\",\"potentialAction\":[{\"@type\":\"ReadAction\",\"target\":[\"https:\/\/luzjardin.com\/ca\/productes\/deco-40-smart-12v-zigbee\/\"]}]},{\"@type\":\"ImageObject\",\"inLanguage\":\"ca\",\"@id\":\"https:\/\/luzjardin.com\/ca\/productes\/deco-40-smart-12v-zigbee\/#primaryimage\",\"url\":\"https:\/\/luzjardin.com\/wp-content\/uploads\/2024\/12\/400-\u043d\u0430-400_3-1-c-\u0440\u0435\u0444\u043b\u0435\u043a\u0441\u043e\u043c-1.png\",\"contentUrl\":\"https:\/\/luzjardin.com\/wp-content\/uploads\/2024\/12\/400-\u043d\u0430-400_3-1-c-\u0440\u0435\u0444\u043b\u0435\u043a\u0441\u043e\u043c-1.png\",\"width\":400,\"height\":400},{\"@type\":\"BreadcrumbList\",\"@id\":\"https:\/\/luzjardin.com\/ca\/productes\/deco-40-smart-12v-zigbee\/#breadcrumb\",\"itemListElement\":[{\"@type\":\"ListItem\",\"position\":1,\"name\":\"Home\",\"item\":\"https:\/\/luzjardin.com\/ca\/\"},{\"@type\":\"ListItem\",\"position\":2,\"name\":\"Todos los productos\",\"item\":\"https:\/\/luzjardin.com\/tienda\/\"},{\"@type\":\"ListItem\",\"position\":3,\"name\":\"Deco 40 Smart 12V (Zigbee)\"}]},{\"@type\":\"WebSite\",\"@id\":\"https:\/\/luzjardin.com\/#website\",\"url\":\"https:\/\/luzjardin.com\/\",\"name\":\"Il\u00b7luminaci\u00f3 Exterior de Jardins\",\"description\":\"LightPro Espa\u00f1a\",\"publisher\":{\"@id\":\"https:\/\/luzjardin.com\/#organization\"},\"potentialAction\":[{\"@type\":\"SearchAction\",\"target\":{\"@type\":\"EntryPoint\",\"urlTemplate\":\"https:\/\/luzjardin.com\/?s={search_term_string}\"},\"query-input\":{\"@type\":\"PropertyValueSpecification\",\"valueRequired\":true,\"valueName\":\"search_term_string\"}}],\"inLanguage\":\"ca\"},{\"@type\":\"Organization\",\"@id\":\"https:\/\/luzjardin.com\/#organization\",\"name\":\"LightPro\",\"url\":\"https:\/\/luzjardin.com\/\",\"logo\":{\"@type\":\"ImageObject\",\"inLanguage\":\"ca\",\"@id\":\"https:\/\/luzjardin.com\/#\/schema\/logo\/image\/\",\"url\":\"https:\/\/luzjardin.com\/wp-content\/uploads\/2019\/06\/lightpro-12volt-logo.svg\",\"contentUrl\":\"https:\/\/luzjardin.com\/wp-content\/uploads\/2019\/06\/lightpro-12volt-logo.svg\",\"width\":1,\"height\":1,\"caption\":\"LightPro\"},\"image\":{\"@id\":\"https:\/\/luzjardin.com\/#\/schema\/logo\/image\/\"},\"sameAs\":[\"https:\/\/www.facebook.com\/LuzJardiniluminacion\/\",\"https:\/\/www.instagram.com\/luzjardin\/\",\"https:\/\/www.youtube.com\/channel\/UC6I_ssvnZbWlsJQOvnIOy_g\"]}]}<\/script>\n","yoast_head_json":{"title":"Deco 40 Smart 12V (Zigbee) - Iluminacion Exterior Jardin","description":"\u2605 Garden Lights Deco 40 Smart 12V (Zigbee) - compre en la tienda en l\u00ednea Haztuluz \u2705 Entrega en Espa\u00f1a \u2705 Garant\u00eda oficial \u2705 F\u00e1cil instalaci\u00f3n \u2705 Soporte completo \u2605","robots":{"index":"index","follow":"follow","max-snippet":"max-snippet:-1","max-image-preview":"max-image-preview:large","max-video-preview":"max-video-preview:-1"},"canonical":"https:\/\/luzjardin.com\/ca\/productes\/deco-40-smart-12v-zigbee\/","og_locale":"ca_ES","og_type":"article","og_title":"Deco 40 Smart 12V (Zigbee) - Iluminacion Exterior Jardin","og_description":"\u2605 Garden Lights Deco 40 Smart 12V (Zigbee) - compre en la tienda en l\u00ednea Haztuluz \u2705 Entrega en Espa\u00f1a \u2705 Garant\u00eda oficial \u2705 F\u00e1cil instalaci\u00f3n \u2705 Soporte completo \u2605","og_url":"https:\/\/luzjardin.com\/ca\/productes\/deco-40-smart-12v-zigbee\/","og_site_name":"Il\u00b7luminaci\u00f3 Exterior de Jardins","article_publisher":"https:\/\/www.facebook.com\/LuzJardiniluminacion\/","article_modified_time":"2025-09-04T13:06:30+00:00","og_image":[{"width":400,"height":400,"url":"https:\/\/luzjardin.com\/wp-content\/uploads\/2024\/12\/400-\u043d\u0430-400_3-1-c-\u0440\u0435\u0444\u043b\u0435\u043a\u0441\u043e\u043c-1.png","type":"image\/png"}],"twitter_card":"summary_large_image","twitter_misc":{"Temps estimat de lectura":"1 minut"},"schema":{"@context":"https:\/\/schema.org","@graph":[{"@type":"WebPage","@id":"https:\/\/luzjardin.com\/ca\/productes\/deco-40-smart-12v-zigbee\/","url":"https:\/\/luzjardin.com\/ca\/productes\/deco-40-smart-12v-zigbee\/","name":"Deco 40 Smart 12V (Zigbee) - Iluminacion Exterior Jardin","isPartOf":{"@id":"https:\/\/luzjardin.com\/#website"},"primaryImageOfPage":{"@id":"https:\/\/luzjardin.com\/ca\/productes\/deco-40-smart-12v-zigbee\/#primaryimage"},"image":{"@id":"https:\/\/luzjardin.com\/ca\/productes\/deco-40-smart-12v-zigbee\/#primaryimage"},"thumbnailUrl":"https:\/\/luzjardin.com\/wp-content\/uploads\/2024\/12\/400-\u043d\u0430-400_3-1-c-\u0440\u0435\u0444\u043b\u0435\u043a\u0441\u043e\u043c-1.png","datePublished":"2025-09-04T12:52:03+00:00","dateModified":"2025-09-04T13:06:30+00:00","description":"\u2605 Garden Lights Deco 40 Smart 12V (Zigbee) - compre en la tienda en l\u00ednea Haztuluz \u2705 Entrega en Espa\u00f1a \u2705 Garant\u00eda oficial \u2705 F\u00e1cil instalaci\u00f3n \u2705 Soporte completo \u2605","breadcrumb":{"@id":"https:\/\/luzjardin.com\/ca\/productes\/deco-40-smart-12v-zigbee\/#breadcrumb"},"inLanguage":"ca","potentialAction":[{"@type":"ReadAction","target":["https:\/\/luzjardin.com\/ca\/productes\/deco-40-smart-12v-zigbee\/"]}]},{"@type":"ImageObject","inLanguage":"ca","@id":"https:\/\/luzjardin.com\/ca\/productes\/deco-40-smart-12v-zigbee\/#primaryimage","url":"https:\/\/luzjardin.com\/wp-content\/uploads\/2024\/12\/400-\u043d\u0430-400_3-1-c-\u0440\u0435\u0444\u043b\u0435\u043a\u0441\u043e\u043c-1.png","contentUrl":"https:\/\/luzjardin.com\/wp-content\/uploads\/2024\/12\/400-\u043d\u0430-400_3-1-c-\u0440\u0435\u0444\u043b\u0435\u043a\u0441\u043e\u043c-1.png","width":400,"height":400},{"@type":"BreadcrumbList","@id":"https:\/\/luzjardin.com\/ca\/productes\/deco-40-smart-12v-zigbee\/#breadcrumb","itemListElement":[{"@type":"ListItem","position":1,"name":"Home","item":"https:\/\/luzjardin.com\/ca\/"},{"@type":"ListItem","position":2,"name":"Todos los productos","item":"https:\/\/luzjardin.com\/tienda\/"},{"@type":"ListItem","position":3,"name":"Deco 40 Smart 12V (Zigbee)"}]},{"@type":"WebSite","@id":"https:\/\/luzjardin.com\/#website","url":"https:\/\/luzjardin.com\/","name":"Il\u00b7luminaci\u00f3 Exterior de Jardins","description":"LightPro Espa\u00f1a","publisher":{"@id":"https:\/\/luzjardin.com\/#organization"},"potentialAction":[{"@type":"SearchAction","target":{"@type":"EntryPoint","urlTemplate":"https:\/\/luzjardin.com\/?s={search_term_string}"},"query-input":{"@type":"PropertyValueSpecification","valueRequired":true,"valueName":"search_term_string"}}],"inLanguage":"ca"},{"@type":"Organization","@id":"https:\/\/luzjardin.com\/#organization","name":"LightPro","url":"https:\/\/luzjardin.com\/","logo":{"@type":"ImageObject","inLanguage":"ca","@id":"https:\/\/luzjardin.com\/#\/schema\/logo\/image\/","url":"https:\/\/luzjardin.com\/wp-content\/uploads\/2019\/06\/lightpro-12volt-logo.svg","contentUrl":"https:\/\/luzjardin.com\/wp-content\/uploads\/2019\/06\/lightpro-12volt-logo.svg","width":1,"height":1,"caption":"LightPro"},"image":{"@id":"https:\/\/luzjardin.com\/#\/schema\/logo\/image\/"},"sameAs":["https:\/\/www.facebook.com\/LuzJardiniluminacion\/","https:\/\/www.instagram.com\/luzjardin\/","https:\/\/www.youtube.com\/channel\/UC6I_ssvnZbWlsJQOvnIOy_g"]}]}},"_links":{"self":[{"href":"https:\/\/luzjardin.com\/ca\/wp-json\/wp\/v2\/product\/8492","targetHints":{"allow":["GET"]}}],"collection":[{"href":"https:\/\/luzjardin.com\/ca\/wp-json\/wp\/v2\/product"}],"about":[{"href":"https:\/\/luzjardin.com\/ca\/wp-json\/wp\/v2\/types\/product"}],"replies":[{"embeddable":true,"href":"https:\/\/luzjardin.com\/ca\/wp-json\/wp\/v2\/comments?post=8492"}],"wp:featuredmedia":[{"embeddable":true,"href":"https:\/\/luzjardin.com\/ca\/wp-json\/wp\/v2\/media\/7951"}],"wp:attachment":[{"href":"https:\/\/luzjardin.com\/ca\/wp-json\/wp\/v2\/media?parent=8492"}],"wp:term":[{"taxonomy":"product_brand","embeddable":true,"href":"https:\/\/luzjardin.com\/ca\/wp-json\/wp\/v2\/product_brand?post=8492"},{"taxonomy":"product_cat","embeddable":true,"href":"https:\/\/luzjardin.com\/ca\/wp-json\/wp\/v2\/product_cat?post=8492"},{"taxonomy":"product_tag","embeddable":true,"href":"https:\/\/luzjardin.com\/ca\/wp-json\/wp\/v2\/product_tag?post=8492"}],"curies":[{"name":"wp","href":"https:\/\/api.w.org\/{rel}","templated":true}]}}