{"id":8915,"date":"2026-02-10T09:16:15","date_gmt":"2026-02-10T08:16:15","guid":{"rendered":"https:\/\/luzjardin.com\/?post_type=product&#038;p=8915"},"modified":"2026-02-10T09:36:42","modified_gmt":"2026-02-10T08:36:42","slug":"lino","status":"publish","type":"product","link":"https:\/\/luzjardin.com\/ca\/productes\/lino\/","title":{"rendered":"Lino"},"content":{"rendered":"<p>[vc_row][vc_column width=&#8221;1\/2&#8243;][vc_column_text text_larger=&#8221;no&#8221;]<\/p>\n<h4>Specifications<\/h4>\n<table class=\"table\">\n<tbody>\n<tr>\n<td>Nombre d&#8217;article<\/td>\n<td>264P<\/td>\n<\/tr>\n<tr>\n<td>Codi EAN<\/td>\n<td>8719979285050<\/td>\n<\/tr>\n<tr>\n<td>Garantia (any)<\/td>\n<td>6<\/td>\n<\/tr>\n<tr>\n<td>Dimensions Al x An x Pr<\/td>\n<td>600 x 80 x 80 mm<\/td>\n<\/tr>\n<tr>\n<td>Material<\/td>\n<td>Alumini<\/td>\n<\/tr>\n<tr>\n<td>Color<\/td>\n<td>Antracita<\/td>\n<\/tr>\n<tr>\n<td>Classe IP<\/td>\n<td>IP67<\/td>\n<\/tr>\n<tr>\n<td>Pot\u00e8ncia (total)<\/td>\n<td>6<\/td>\n<\/tr>\n<tr>\n<td>Flux llumin\u00f3s net (Lumen)<\/td>\n<td>140<\/td>\n<\/tr>\n<tr>\n<td>Pot\u00e8ncia (Per font de llum)<\/td>\n<td>6<\/td>\n<\/tr>\n<tr>\n<td>Quantitat de fonts de llum per llum<\/td>\n<td>1<\/td>\n<\/tr>\n<tr>\n<td>Classe energ\u00e8tica<\/td>\n<td>G<\/td>\n<\/tr>\n<tr>\n<td>Color clar<\/td>\n<td>Blanc c\u00e0lid<\/td>\n<\/tr>\n<tr>\n<td>Kelvin (Temperatura de color)<\/td>\n<td>3000 K<\/td>\n<\/tr>\n<tr>\n<td>Tipus de font de llum<\/td>\n<td>Tira de LED<\/td>\n<\/tr>\n<tr>\n<td>Font de llum inclou<\/td>\n<td>S\u00ed<\/td>\n<\/tr>\n<tr>\n<td>Font de llum reempla\u00e7able<\/td>\n<td>No<\/td>\n<\/tr>\n<tr>\n<td>Direcci\u00f3 de la llum cap a<\/td>\n<td>Endavant<\/td>\n<\/tr>\n<tr>\n<td>CRI<\/td>\n<td>90<\/td>\n<\/tr>\n<tr>\n<td>Intel\u00b7ligent<\/td>\n<td>No<\/td>\n<\/tr>\n<tr>\n<td>Longitud del cable (metre)<\/td>\n<td>1<\/td>\n<\/tr>\n<tr>\n<td>Mida del cable<\/td>\n<td>20AWG<\/td>\n<\/tr>\n<tr>\n<td>Temperatura ambient m\u00ednima (\u00b0C)<\/td>\n<td>-20<\/td>\n<\/tr>\n<tr>\n<td>Temperatura ambient m\u00e0xima (\u00b0C)<\/td>\n<td>50<\/td>\n<\/tr>\n<tr>\n<td>Nombre de llumin\u00e0ries en un paquet<\/td>\n<td>1<\/td>\n<\/tr>\n<tr>\n<td>Curs de la vida (hores)<\/td>\n<td>50000<\/td>\n<\/tr>\n<tr>\n<td>Atenuador<\/td>\n<td>S\u00ed<\/td>\n<\/tr>\n<tr>\n<td>Passos de l&#8217;atenuador<\/td>\n<td>6<\/td>\n<\/tr>\n<tr>\n<td>Adequat per a atenuador extern<\/td>\n<td>No<\/td>\n<\/tr>\n<tr>\n<td>Sobrepassable<\/td>\n<td>No<\/td>\n<\/tr>\n<tr>\n<td>AC \/ DC<\/td>\n<td>S\u00ed<\/td>\n<\/tr>\n<tr>\n<td>Accessoris subministrats<\/td>\n<td>Connector F, Cargols de subjecci\u00f3, Taps, Punta de terra<\/td>\n<\/tr>\n<tr>\n<td>Ajustable<\/td>\n<td>No<\/td>\n<\/tr>\n<tr>\n<td>Pes del producte (kg)<\/td>\n<td>0.8<\/td>\n<\/tr>\n<tr>\n<td>Sota l&#8217;aigua<\/td>\n<td>No<\/td>\n<\/tr>\n<\/tbody>\n<\/table>\n<p>[\/vc_column_text][vc_column_text text_larger=&#8221;no&#8221;]<\/p>\n<div class=\"detail-desc-row\"><a class=\"image-popup\" href=\"https:\/\/luzjardin.com\/wp-content\/uploads\/2026\/02\/lino-3-scaled.webp\" data-effect=\"mfp-move-from-top\"><br \/>\n<img decoding=\"async\" class=\"alignnone size-medium\" src=\"https:\/\/luzjardin.com\/wp-content\/uploads\/2026\/02\/lino-3-scaled.webp\" alt=\"Lino\" height=\"300\" \/><br \/>\n<\/a><br \/>\n<a class=\"image-popup\" href=\"https:\/\/luzjardin.com\/wp-content\/uploads\/2026\/02\/lino-4-scaled.webp\" data-effect=\"mfp-move-from-top\"><br \/>\n<img decoding=\"async\" class=\"alignnone size-medium\" src=\"https:\/\/luzjardin.com\/wp-content\/uploads\/2026\/02\/lino-4-scaled.webp\" alt=\"Lino\" height=\"300\" \/><br \/>\n<\/a><br \/>\n<a class=\"image-popup\" href=\"https:\/\/luzjardin.com\/wp-content\/uploads\/2026\/02\/lino-5-scaled.webp\" data-effect=\"mfp-move-from-top\"><br \/>\n<img decoding=\"async\" class=\"alignnone size-medium\" src=\"https:\/\/luzjardin.com\/wp-content\/uploads\/2026\/02\/lino-5-scaled.webp\" alt=\"Lino\" height=\"300\" \/><br \/>\n<\/a><\/div>\n","protected":false},"excerpt":{"rendered":"<p>Aquesta l\u00e0mpada de disseny elegant de 60 cm d&#8217;al\u00e7ada presenta una tira LED vertical que proporciona una sortida de llum uniforme. Tamb\u00e9 podeu ajustar manualment la brillantor a un dels sis nivells de regulaci\u00f3. La font de llum vertical crea un aspecte contemporani, cosa que la fa ideal per il\u00b7luminar camins d&#8217;entrada, camins de jard\u00ed i bardisses. El llum \u00e9s f\u00e0cil d&#8217;instal\u00b7lar mitjan\u00e7ant la estaca de terra inclosa.<\/p>\n<p>\u2022 L\u00e0mpada de jard\u00ed perfecta per il\u00b7luminar camins d&#8217;entrada, camins i bardisses<br \/>\n\u2022 L\u00ednia de llum cont\u00ednua i uniforme<br \/>\n\u2022 Il\u00b7lumina fins a 1,5 metres<\/p>\n","protected":false},"featured_media":8942,"comment_status":"open","ping_status":"closed","template":"","meta":[],"product_brand":[],"product_cat":[139,139],"product_tag":[],"class_list":{"0":"post-8915","1":"product","2":"type-product","3":"status-publish","4":"has-post-thumbnail","6":"product_cat-columnes","9":"first","10":"onbackorder","11":"taxable","12":"shipping-taxable","13":"purchasable","14":"product-type-simple"},"yoast_head":"\n<title>Lino - Iluminacion Exterior Jardin<\/title>\n<meta name=\"description\" content=\"\u2605 Garden Lights Lino - compre en la tienda en l\u00ednea Haztuluz \u2705 Entrega en Espa\u00f1a \u2705 Garant\u00eda oficial \u2705 F\u00e1cil instalaci\u00f3n \u2705 Soporte completo \u2605\" \/>\n<meta name=\"robots\" content=\"index, follow, max-snippet:-1, max-image-preview:large, max-video-preview:-1\" \/>\n<link rel=\"canonical\" href=\"https:\/\/luzjardin.com\/ca\/productes\/lino\/\" \/>\n<meta property=\"og:locale\" content=\"ca_ES\" \/>\n<meta property=\"og:type\" content=\"article\" \/>\n<meta property=\"og:title\" content=\"Lino - Iluminacion Exterior Jardin\" \/>\n<meta property=\"og:description\" content=\"\u2605 Garden Lights Lino - compre en la tienda en l\u00ednea Haztuluz \u2705 Entrega en Espa\u00f1a \u2705 Garant\u00eda oficial \u2705 F\u00e1cil instalaci\u00f3n \u2705 Soporte completo \u2605\" \/>\n<meta property=\"og:url\" content=\"https:\/\/luzjardin.com\/ca\/productes\/lino\/\" \/>\n<meta property=\"og:site_name\" content=\"Il\u00b7luminaci\u00f3 Exterior de Jardins\" \/>\n<meta property=\"article:publisher\" content=\"https:\/\/www.facebook.com\/LuzJardiniluminacion\/\" \/>\n<meta property=\"article:modified_time\" content=\"2026-02-10T08:36:42+00:00\" \/>\n<meta property=\"og:image\" content=\"https:\/\/luzjardin.com\/wp-content\/uploads\/2026\/02\/Lino-main-1.png\" \/>\n\t<meta property=\"og:image:width\" content=\"900\" \/>\n\t<meta property=\"og:image:height\" content=\"900\" \/>\n\t<meta property=\"og:image:type\" content=\"image\/png\" \/>\n<meta name=\"twitter:card\" content=\"summary_large_image\" \/>\n<meta name=\"twitter:label1\" content=\"Temps estimat de lectura\" \/>\n\t<meta name=\"twitter:data1\" content=\"2 minuts\" \/>\n<script type=\"application\/ld+json\" class=\"yoast-schema-graph\">{\"@context\":\"https:\/\/schema.org\",\"@graph\":[{\"@type\":\"WebPage\",\"@id\":\"https:\/\/luzjardin.com\/ca\/productes\/lino\/\",\"url\":\"https:\/\/luzjardin.com\/ca\/productes\/lino\/\",\"name\":\"Lino - Iluminacion Exterior Jardin\",\"isPartOf\":{\"@id\":\"https:\/\/luzjardin.com\/#website\"},\"primaryImageOfPage\":{\"@id\":\"https:\/\/luzjardin.com\/ca\/productes\/lino\/#primaryimage\"},\"image\":{\"@id\":\"https:\/\/luzjardin.com\/ca\/productes\/lino\/#primaryimage\"},\"thumbnailUrl\":\"https:\/\/luzjardin.com\/wp-content\/uploads\/2026\/02\/Lino-main-1.png\",\"datePublished\":\"2026-02-10T08:16:15+00:00\",\"dateModified\":\"2026-02-10T08:36:42+00:00\",\"description\":\"\u2605 Garden Lights Lino - compre en la tienda en l\u00ednea Haztuluz \u2705 Entrega en Espa\u00f1a \u2705 Garant\u00eda oficial \u2705 F\u00e1cil instalaci\u00f3n \u2705 Soporte completo \u2605\",\"breadcrumb\":{\"@id\":\"https:\/\/luzjardin.com\/ca\/productes\/lino\/#breadcrumb\"},\"inLanguage\":\"ca\",\"potentialAction\":[{\"@type\":\"ReadAction\",\"target\":[\"https:\/\/luzjardin.com\/ca\/productes\/lino\/\"]}]},{\"@type\":\"ImageObject\",\"inLanguage\":\"ca\",\"@id\":\"https:\/\/luzjardin.com\/ca\/productes\/lino\/#primaryimage\",\"url\":\"https:\/\/luzjardin.com\/wp-content\/uploads\/2026\/02\/Lino-main-1.png\",\"contentUrl\":\"https:\/\/luzjardin.com\/wp-content\/uploads\/2026\/02\/Lino-main-1.png\",\"width\":900,\"height\":900},{\"@type\":\"BreadcrumbList\",\"@id\":\"https:\/\/luzjardin.com\/ca\/productes\/lino\/#breadcrumb\",\"itemListElement\":[{\"@type\":\"ListItem\",\"position\":1,\"name\":\"Home\",\"item\":\"https:\/\/luzjardin.com\/ca\/\"},{\"@type\":\"ListItem\",\"position\":2,\"name\":\"Todos los productos\",\"item\":\"https:\/\/luzjardin.com\/tienda\/\"},{\"@type\":\"ListItem\",\"position\":3,\"name\":\"Lino\"}]},{\"@type\":\"WebSite\",\"@id\":\"https:\/\/luzjardin.com\/#website\",\"url\":\"https:\/\/luzjardin.com\/\",\"name\":\"Il\u00b7luminaci\u00f3 Exterior de Jardins\",\"description\":\"LightPro Espa\u00f1a\",\"publisher\":{\"@id\":\"https:\/\/luzjardin.com\/#organization\"},\"potentialAction\":[{\"@type\":\"SearchAction\",\"target\":{\"@type\":\"EntryPoint\",\"urlTemplate\":\"https:\/\/luzjardin.com\/?s={search_term_string}\"},\"query-input\":{\"@type\":\"PropertyValueSpecification\",\"valueRequired\":true,\"valueName\":\"search_term_string\"}}],\"inLanguage\":\"ca\"},{\"@type\":\"Organization\",\"@id\":\"https:\/\/luzjardin.com\/#organization\",\"name\":\"LightPro\",\"url\":\"https:\/\/luzjardin.com\/\",\"logo\":{\"@type\":\"ImageObject\",\"inLanguage\":\"ca\",\"@id\":\"https:\/\/luzjardin.com\/#\/schema\/logo\/image\/\",\"url\":\"https:\/\/luzjardin.com\/wp-content\/uploads\/2019\/06\/lightpro-12volt-logo.svg\",\"contentUrl\":\"https:\/\/luzjardin.com\/wp-content\/uploads\/2019\/06\/lightpro-12volt-logo.svg\",\"width\":1,\"height\":1,\"caption\":\"LightPro\"},\"image\":{\"@id\":\"https:\/\/luzjardin.com\/#\/schema\/logo\/image\/\"},\"sameAs\":[\"https:\/\/www.facebook.com\/LuzJardiniluminacion\/\",\"https:\/\/www.instagram.com\/luzjardin\/\",\"https:\/\/www.youtube.com\/channel\/UC6I_ssvnZbWlsJQOvnIOy_g\"]}]}<\/script>\n","yoast_head_json":{"title":"Lino - Iluminacion Exterior Jardin","description":"\u2605 Garden Lights Lino - compre en la tienda en l\u00ednea Haztuluz \u2705 Entrega en Espa\u00f1a \u2705 Garant\u00eda oficial \u2705 F\u00e1cil instalaci\u00f3n \u2705 Soporte completo \u2605","robots":{"index":"index","follow":"follow","max-snippet":"max-snippet:-1","max-image-preview":"max-image-preview:large","max-video-preview":"max-video-preview:-1"},"canonical":"https:\/\/luzjardin.com\/ca\/productes\/lino\/","og_locale":"ca_ES","og_type":"article","og_title":"Lino - Iluminacion Exterior Jardin","og_description":"\u2605 Garden Lights Lino - compre en la tienda en l\u00ednea Haztuluz \u2705 Entrega en Espa\u00f1a \u2705 Garant\u00eda oficial \u2705 F\u00e1cil instalaci\u00f3n \u2705 Soporte completo \u2605","og_url":"https:\/\/luzjardin.com\/ca\/productes\/lino\/","og_site_name":"Il\u00b7luminaci\u00f3 Exterior de Jardins","article_publisher":"https:\/\/www.facebook.com\/LuzJardiniluminacion\/","article_modified_time":"2026-02-10T08:36:42+00:00","og_image":[{"width":900,"height":900,"url":"https:\/\/luzjardin.com\/wp-content\/uploads\/2026\/02\/Lino-main-1.png","type":"image\/png"}],"twitter_card":"summary_large_image","twitter_misc":{"Temps estimat de lectura":"2 minuts"},"schema":{"@context":"https:\/\/schema.org","@graph":[{"@type":"WebPage","@id":"https:\/\/luzjardin.com\/ca\/productes\/lino\/","url":"https:\/\/luzjardin.com\/ca\/productes\/lino\/","name":"Lino - Iluminacion Exterior Jardin","isPartOf":{"@id":"https:\/\/luzjardin.com\/#website"},"primaryImageOfPage":{"@id":"https:\/\/luzjardin.com\/ca\/productes\/lino\/#primaryimage"},"image":{"@id":"https:\/\/luzjardin.com\/ca\/productes\/lino\/#primaryimage"},"thumbnailUrl":"https:\/\/luzjardin.com\/wp-content\/uploads\/2026\/02\/Lino-main-1.png","datePublished":"2026-02-10T08:16:15+00:00","dateModified":"2026-02-10T08:36:42+00:00","description":"\u2605 Garden Lights Lino - compre en la tienda en l\u00ednea Haztuluz \u2705 Entrega en Espa\u00f1a \u2705 Garant\u00eda oficial \u2705 F\u00e1cil instalaci\u00f3n \u2705 Soporte completo \u2605","breadcrumb":{"@id":"https:\/\/luzjardin.com\/ca\/productes\/lino\/#breadcrumb"},"inLanguage":"ca","potentialAction":[{"@type":"ReadAction","target":["https:\/\/luzjardin.com\/ca\/productes\/lino\/"]}]},{"@type":"ImageObject","inLanguage":"ca","@id":"https:\/\/luzjardin.com\/ca\/productes\/lino\/#primaryimage","url":"https:\/\/luzjardin.com\/wp-content\/uploads\/2026\/02\/Lino-main-1.png","contentUrl":"https:\/\/luzjardin.com\/wp-content\/uploads\/2026\/02\/Lino-main-1.png","width":900,"height":900},{"@type":"BreadcrumbList","@id":"https:\/\/luzjardin.com\/ca\/productes\/lino\/#breadcrumb","itemListElement":[{"@type":"ListItem","position":1,"name":"Home","item":"https:\/\/luzjardin.com\/ca\/"},{"@type":"ListItem","position":2,"name":"Todos los productos","item":"https:\/\/luzjardin.com\/tienda\/"},{"@type":"ListItem","position":3,"name":"Lino"}]},{"@type":"WebSite","@id":"https:\/\/luzjardin.com\/#website","url":"https:\/\/luzjardin.com\/","name":"Il\u00b7luminaci\u00f3 Exterior de Jardins","description":"LightPro Espa\u00f1a","publisher":{"@id":"https:\/\/luzjardin.com\/#organization"},"potentialAction":[{"@type":"SearchAction","target":{"@type":"EntryPoint","urlTemplate":"https:\/\/luzjardin.com\/?s={search_term_string}"},"query-input":{"@type":"PropertyValueSpecification","valueRequired":true,"valueName":"search_term_string"}}],"inLanguage":"ca"},{"@type":"Organization","@id":"https:\/\/luzjardin.com\/#organization","name":"LightPro","url":"https:\/\/luzjardin.com\/","logo":{"@type":"ImageObject","inLanguage":"ca","@id":"https:\/\/luzjardin.com\/#\/schema\/logo\/image\/","url":"https:\/\/luzjardin.com\/wp-content\/uploads\/2019\/06\/lightpro-12volt-logo.svg","contentUrl":"https:\/\/luzjardin.com\/wp-content\/uploads\/2019\/06\/lightpro-12volt-logo.svg","width":1,"height":1,"caption":"LightPro"},"image":{"@id":"https:\/\/luzjardin.com\/#\/schema\/logo\/image\/"},"sameAs":["https:\/\/www.facebook.com\/LuzJardiniluminacion\/","https:\/\/www.instagram.com\/luzjardin\/","https:\/\/www.youtube.com\/channel\/UC6I_ssvnZbWlsJQOvnIOy_g"]}]}},"_links":{"self":[{"href":"https:\/\/luzjardin.com\/ca\/wp-json\/wp\/v2\/product\/8915","targetHints":{"allow":["GET"]}}],"collection":[{"href":"https:\/\/luzjardin.com\/ca\/wp-json\/wp\/v2\/product"}],"about":[{"href":"https:\/\/luzjardin.com\/ca\/wp-json\/wp\/v2\/types\/product"}],"replies":[{"embeddable":true,"href":"https:\/\/luzjardin.com\/ca\/wp-json\/wp\/v2\/comments?post=8915"}],"wp:featuredmedia":[{"embeddable":true,"href":"https:\/\/luzjardin.com\/ca\/wp-json\/wp\/v2\/media\/8942"}],"wp:attachment":[{"href":"https:\/\/luzjardin.com\/ca\/wp-json\/wp\/v2\/media?parent=8915"}],"wp:term":[{"taxonomy":"product_brand","embeddable":true,"href":"https:\/\/luzjardin.com\/ca\/wp-json\/wp\/v2\/product_brand?post=8915"},{"taxonomy":"product_cat","embeddable":true,"href":"https:\/\/luzjardin.com\/ca\/wp-json\/wp\/v2\/product_cat?post=8915"},{"taxonomy":"product_tag","embeddable":true,"href":"https:\/\/luzjardin.com\/ca\/wp-json\/wp\/v2\/product_tag?post=8915"}],"curies":[{"name":"wp","href":"https:\/\/api.w.org\/{rel}","templated":true}]}}